{"id":10,"date":"2019-08-29T16:58:48","date_gmt":"2019-08-29T19:58:48","guid":{"rendered":"http:\/\/www.vetnil.com.br\/veterinariodoano2019\/?page_id=10"},"modified":"2022-01-31T11:22:32","modified_gmt":"2022-01-31T14:22:32","slug":"regulamento","status":"publish","type":"page","link":"https:\/\/vetnil.com.br\/veterinariodoano2021\/regulamento\/","title":{"rendered":"REGULAMENTO"},"content":{"rendered":"\t\t<div data-elementor-type=\"wp-page\" data-elementor-id=\"10\" class=\"elementor elementor-10\" data-elementor-settings=\"[]\">\n\t\t\t\t\t\t<div class=\"elementor-inner\">\n\t\t\t\t\t\t\t<div class=\"elementor-section-wrap\">\n\t\t\t\t\t\t\t<section data-particle_enable=\"false\" data-particle-mobile-disabled=\"false\" class=\"elementor-section elementor-top-section elementor-element elementor-element-5b50d3bd elementor-section-stretched elementor-section-boxed elementor-section-height-default elementor-section-height-default\" data-id=\"5b50d3bd\" data-element_type=\"section\" data-settings=\"{&quot;background_background&quot;:&quot;classic&quot;,&quot;stretch_section&quot;:&quot;section-stretched&quot;}\">\n\t\t\t\t\t\t<div class=\"elementor-container elementor-column-gap-default\">\n\t\t\t\t\t\t\t<div class=\"elementor-row\">\n\t\t\t\t\t<div class=\"elementor-column elementor-col-100 elementor-top-column elementor-element elementor-element-1bd565dc\" data-id=\"1bd565dc\" data-element_type=\"column\">\n\t\t\t<div class=\"elementor-column-wrap elementor-element-populated\">\n\t\t\t\t\t\t\t<div class=\"elementor-widget-wrap\">\n\t\t\t\t\t\t<div class=\"elementor-element elementor-element-7c5e468e elementor-widget elementor-widget-quadmenu\" data-id=\"7c5e468e\" data-element_type=\"widget\" data-widget_type=\"quadmenu.default\">\n\t\t\t\t<div class=\"elementor-widget-container\">\n\t\t\t<nav id=\"quadmenu\" class=\"quadmenu-default_theme quadmenu-v2.1.9 quadmenu-align-right quadmenu-divider-hide quadmenu-carets-hide quadmenu-background-color quadmenu-mobile-shadow-hide quadmenu-dropdown-shadow-show quadmenu-hover-slidebar sl-top\" data-template=\"collapse\" data-theme=\"default_theme\" data-unwrap=\"0\" data-width=\"\" data-selector=\"\" data-breakpoint=\"768\" data-sticky=\"0\" data-sticky-offset=\"0\">\r\n  <div class=\"quadmenu-container\">\r\n    <div class=\"quadmenu-navbar-header\">\r\n      <button type=\"button\" class=\"quadmenu-navbar-toggle collapsed\" data-quadmenu=\"collapse\" data-target=\"#quadmenu_0\" aria-expanded=\"false\" aria-controls=\"quadmenu\">\r\n  <span class=\"icon-bar-container\">\r\n    <span class=\"icon-bar icon-bar-top\"><\/span>\r\n    <span class=\"icon-bar icon-bar-middle\"><\/span>\r\n    <span class=\"icon-bar icon-bar-bottom\"><\/span>\r\n  <\/span>\r\n<\/button>        <a class=\"quadmenu-navbar-brand img\" href=\"https:\/\/vetnil.com.br\/veterinariodoano2021\/\"><img loading=\"lazy\" height=\"60\" width=\"160\" src=\"https:\/\/vetnil.com.br\/veterinariodoano2021\/wp-content\/uploads\/2020\/07\/logo-vetnil-premio-2020.png\" alt=\"Vetnil\"\/><\/a>\r\n    <\/div>\r\n    <div id=\"quadmenu_0\" class=\"quadmenu-navbar-collapse collapse\">\r\n      <ul class=\"quadmenu-navbar-nav\"><li id=\"menu-item-20\" class=\"quadmenu-item-20 quadmenu-item quadmenu-item-object-page quadmenu-item-home quadmenu-item-type-post_type quadmenu-item-type-post_type quadmenu-item-level-0 quadmenu-has-title quadmenu-has-link quadmenu-has-background quadmenu-dropdown-right\">        <a  href=\"https:\/\/vetnil.com.br\/veterinariodoano2021\/\">\r\n      <span class=\"quadmenu-item-content\">\r\n                                              <span class=\"quadmenu-text  hover t_1000\">HOME<\/span>\r\n                                            <\/span>\r\n    <\/a>\r\n        <\/li><li id=\"menu-item-19\" class=\"quadmenu-item-19 quadmenu-item quadmenu-item-object-page quadmenu-item-type-post_type quadmenu-item-type-post_type quadmenu-item-level-0 quadmenu-has-title quadmenu-has-link quadmenu-has-background quadmenu-dropdown-right\">        <a  href=\"https:\/\/vetnil.com.br\/veterinariodoano2021\/regulamento\/\">\r\n      <span class=\"quadmenu-item-content\">\r\n                                              <span class=\"quadmenu-text  hover t_1000\">REGULAMENTO<\/span>\r\n                                            <\/span>\r\n    <\/a>\r\n        <\/li><li id=\"menu-item-6353\" class=\"quadmenu-item-6353 quadmenu-item quadmenu-item-object-page quadmenu-item-type-post_type quadmenu-item-type-post_type quadmenu-item-level-0 quadmenu-has-title quadmenu-has-link quadmenu-has-background quadmenu-dropdown-right\">        <a  href=\"https:\/\/vetnil.com.br\/veterinariodoano2021\/encerrado\/\">\r\n      <span class=\"quadmenu-item-content\">\r\n                                              <span class=\"quadmenu-text  hover t_1000\">VOTAR<\/span>\r\n                                            <\/span>\r\n    <\/a>\r\n        <\/li><li id=\"menu-item-17\" class=\"quadmenu-item-17 quadmenu-item quadmenu-item-object-page quadmenu-item-type-post_type quadmenu-item-type-post_type quadmenu-item-level-0 quadmenu-has-title quadmenu-has-link quadmenu-has-background quadmenu-dropdown-right\">        <a  href=\"https:\/\/vetnil.com.br\/veterinariodoano2021\/contato\/\">\r\n      <span class=\"quadmenu-item-content\">\r\n                                              <span class=\"quadmenu-text  hover t_1000\">CONTATO<\/span>\r\n                                            <\/span>\r\n    <\/a>\r\n        <\/li><\/ul>    <\/div>\r\n  <\/div>\r\n<\/nav>\t\t<\/div>\n\t\t\t\t<\/div>\n\t\t\t\t\t\t<\/div>\n\t\t\t\t\t<\/div>\n\t\t<\/div>\n\t\t\t\t\t\t\t\t<\/div>\n\t\t\t\t\t<\/div>\n\t\t<\/section>\n\t\t\t\t<section data-particle_enable=\"false\" data-particle-mobile-disabled=\"false\" class=\"elementor-section elementor-top-section elementor-element elementor-element-d4ab1e6 elementor-section-boxed elementor-section-height-default elementor-section-height-default\" data-id=\"d4ab1e6\" data-element_type=\"section\">\n\t\t\t\t\t\t<div class=\"elementor-container elementor-column-gap-default\">\n\t\t\t\t\t\t\t<div class=\"elementor-row\">\n\t\t\t\t\t<div class=\"elementor-column elementor-col-100 elementor-top-column elementor-element elementor-element-551c9ab\" data-id=\"551c9ab\" data-element_type=\"column\">\n\t\t\t<div class=\"elementor-column-wrap elementor-element-populated\">\n\t\t\t\t\t\t\t<div class=\"elementor-widget-wrap\">\n\t\t\t\t\t\t<div class=\"elementor-element elementor-element-f111e58 elementor-widget elementor-widget-image\" data-id=\"f111e58\" data-element_type=\"widget\" data-widget_type=\"image.default\">\n\t\t\t\t<div class=\"elementor-widget-container\">\n\t\t\t\t\t\t\t\t<div class=\"elementor-image\">\n\t\t\t\t\t\t\t\t\t\t\t\t<img width=\"300\" height=\"119\" src=\"https:\/\/vetnil.com.br\/veterinariodoano2021\/wp-content\/uploads\/2021\/07\/Premio_2021-8-300x119.png\" class=\"attachment-medium size-medium\" alt=\"\" loading=\"lazy\" srcset=\"https:\/\/vetnil.com.br\/veterinariodoano2021\/wp-content\/uploads\/2021\/07\/Premio_2021-8-300x119.png 300w, https:\/\/vetnil.com.br\/veterinariodoano2021\/wp-content\/uploads\/2021\/07\/Premio_2021-8.png 589w\" sizes=\"(max-width: 34.9rem) calc(100vw - 2rem), (max-width: 53rem) calc(8 * (100vw \/ 12)), (min-width: 53rem) calc(6 * (100vw \/ 12)), 100vw\" \/>\t\t\t\t\t\t\t\t\t\t\t\t\t\t<\/div>\n\t\t\t\t\t\t<\/div>\n\t\t\t\t<\/div>\n\t\t\t\t\t\t<\/div>\n\t\t\t\t\t<\/div>\n\t\t<\/div>\n\t\t\t\t\t\t\t\t<\/div>\n\t\t\t\t\t<\/div>\n\t\t<\/section>\n\t\t\t\t<section data-particle_enable=\"false\" data-particle-mobile-disabled=\"false\" class=\"elementor-section elementor-top-section elementor-element elementor-element-6097772 elementor-section-boxed elementor-section-height-default elementor-section-height-default\" data-id=\"6097772\" data-element_type=\"section\">\n\t\t\t\t\t\t<div class=\"elementor-container elementor-column-gap-default\">\n\t\t\t\t\t\t\t<div class=\"elementor-row\">\n\t\t\t\t\t<div class=\"elementor-column elementor-col-33 elementor-top-column elementor-element elementor-element-13551e9\" data-id=\"13551e9\" data-element_type=\"column\">\n\t\t\t<div class=\"elementor-column-wrap elementor-element-populated\">\n\t\t\t\t\t\t\t<div class=\"elementor-widget-wrap\">\n\t\t\t\t\t\t<div class=\"elementor-element elementor-element-b133dec elementor-widget elementor-widget-heading\" data-id=\"b133dec\" data-element_type=\"widget\" data-widget_type=\"heading.default\">\n\t\t\t\t<div class=\"elementor-widget-container\">\n\t\t\t<h3 class=\"elementor-heading-title elementor-size-default\">REGULAMENTO <br>PR\u00caMIO VETERIN\u00c1RIO<br> DO ANO 2021<\/h3>\t\t<\/div>\n\t\t\t\t<\/div>\n\t\t\t\t<div class=\"elementor-element elementor-element-d28883c elementor-widget elementor-widget-heading\" data-id=\"d28883c\" data-element_type=\"widget\" data-widget_type=\"heading.default\">\n\t\t\t\t<div class=\"elementor-widget-container\">\n\t\t\t<h3 class=\"elementor-heading-title elementor-size-default\">VETNIL E ANCLIVEPA BRASIL<\/h3>\t\t<\/div>\n\t\t\t\t<\/div>\n\t\t\t\t\t\t<\/div>\n\t\t\t\t\t<\/div>\n\t\t<\/div>\n\t\t\t\t<div class=\"elementor-column elementor-col-66 elementor-top-column elementor-element elementor-element-a210568\" data-id=\"a210568\" data-element_type=\"column\">\n\t\t\t<div class=\"elementor-column-wrap elementor-element-populated\">\n\t\t\t\t\t\t\t<div class=\"elementor-widget-wrap\">\n\t\t\t\t\t\t<div class=\"elementor-element elementor-element-deb9c90 elementor-widget elementor-widget-text-editor\" data-id=\"deb9c90\" data-element_type=\"widget\" data-widget_type=\"text-editor.default\">\n\t\t\t\t<div class=\"elementor-widget-container\">\n\t\t\t\t\t\t\t\t<div class=\"elementor-text-editor elementor-clearfix\">\n\t\t\t\t<p><strong>Artigo 1\u00b0 \u2013 O Pr\u00eamio e as condi\u00e7\u00f5es de Participa\u00e7\u00e3o <\/strong><\/p><p>O Pr\u00eamio Veterin\u00e1rio do Ano Vetnil Anclivepa Brasil \u00e9 uma realiza\u00e7\u00e3o da Vetnil Ind. e Com. de Produtos Veterin\u00e1rios Ltda, em parceria com a ANCLIVEPA Brasil, e tem por objetivo prestigiar a classe m\u00e9dica veterin\u00e1ria brasileira, e premiar o M\u00e9dico Veterin\u00e1rio atuante na cl\u00ednica de Pequenos Animais de maior destaque durante o ano de 2021. O Pr\u00eamio tem um car\u00e1ter exclusivamente cultural, conforme o item II do artigo 3 da Lei 5768\/71, n\u00e3o sendo necess\u00e1rio a compra de nenhum dos produtos da empresa, e n\u00e3o<br \/>estando envolvido o fator sorte ou sorteio de qualquer esp\u00e9cie.<\/p><p><strong>Artigo 2\u00b0 \u2013 Vencedor\u00a0<\/strong><\/p><p>O vencedor deste pr\u00eamio ser\u00e1 escolhido pelo voto direto dos M\u00e9dicos Veterin\u00e1rios de todo o Brasil, sendo que todo M\u00e9dico Veterin\u00e1rio poder\u00e1 indicar seu candidato no site www.vetnil.com.br\/veterinariodoano2021. Podem concorrer M\u00e9dicos Veterin\u00e1rios brasileiros, regularmente graduados e com o n\u00famero de registro ativo no Conselho Regional de Medicina<br \/>Veterin\u00e1ria (CRMV) do seu respectivo estado de atua\u00e7\u00e3o. N\u00e3o poder\u00e3o participar, em hip\u00f3tese alguma, empregados da Vetnil e seus familiares at\u00e9 3\u00ba grau, ou qualquer pessoa relacionada profissionalmente a qualquer das empresas envolvidas no Pr\u00eamio Veterin\u00e1rio do Ano Vetnil \u2013 Anclivepa Brasil.<\/p><p><strong>Artigo 3\u00b0 \u2013 Dos crit\u00e9rios de escolha do ganhador\u00a0<\/strong><\/p><p>Todo M\u00e9dico Veterin\u00e1rio brasileiro, regularmente graduado e com o n\u00famero de registro ativo no Conselho Regional de Medicina Veterin\u00e1ria (CRMV) do seu respectivo estado de atua\u00e7\u00e3o poder\u00e1 indicar um colega que atenda estas mesmas exig\u00eancias para concorrer ao pr\u00eamio. Os indicados ser\u00e3o contactados pela organiza\u00e7\u00e3o e dever\u00e3o aceitar a sua indica\u00e7\u00e3o, para que sua participa\u00e7\u00e3o seja validada e ele passe a figurar na lista de vota\u00e7\u00e3o como candidato. A escolha do vencedor ser\u00e1 realizada atrav\u00e9s de voto aberto facultado a todos os M\u00e9dicos Veterin\u00e1rios que atendam as exig\u00eancias acima descritas, sendo escolhido aquele que obtiver maioria dos votos. Ser\u00e1 limitado apenas um voto por CRMV. Em caso de empate, a diretoria da Anclivepa Brasil decidir\u00e1 o vencedor. O prazo para a indica\u00e7\u00e3o dos candidatos \u00e9 de 17 de Setembro a 15 de Novembro de 2021, e a vota\u00e7\u00e3o de 1 de Fevereiro a 31 de Mar\u00e7o de 2022.<\/p><p><strong>O preenchimento incompleto do formul\u00e1rio de indica\u00e7\u00e3o e vota\u00e7\u00e3o pode invalidar o voto.<\/strong><\/p><p><strong>Artigo 4\u00b0 \u2013 Dos requisitos a serem apresentados pelos indicados\/ganhadores<\/strong><\/p><p>Dever\u00e3o ser levados em conta os seguintes pr\u00e9-requisitos para a escolha dos vencedores:<\/p><p>&#8211; M\u00e9dico Veterin\u00e1rio atuante ou que atuou na cl\u00ednica m\u00e9dica de pequenos animais;<\/p><p>&#8211; Que n\u00e3o tenha nada que desabone sua conduta \u00e9tica;<\/p><p>&#8211; Que prestou servi\u00e7os relevantes para o engrandecimento da profiss\u00e3o;<\/p><p>&#8211; Que atua ou atuou de maneira a difundir seus conhecimentos aos colegas de profiss\u00e3o;<\/p><p>&#8211; Estar devidamente cadastrado no CRMV.\u00a0<\/p><p><strong>Artigo 5\u00b0 \u2013 Da premia\u00e7\u00e3o\u00a0<\/strong><\/p><p>O vencedor receber\u00e1 os seguintes pr\u00eamios: Placa de homenagem simbolizando a conquista do pr\u00eamio, homenagem na cerim\u00f4nia de abertura do CBA 2022, divulga\u00e7\u00e3o do pr\u00eamio atrav\u00e9s de ve\u00edculos de m\u00eddia e pr\u00eamio em dinheiro no valor de R$ 5.000,00.\u00a0<\/p><p><strong>Artigo 6\u00b0 \u2013 Da utiliza\u00e7\u00e3o das imagens dos vencedores\u00a0<\/strong><\/p><p>Ao aceitar a sua inscri\u00e7\u00e3o como candidato, o participante automaticamente autoriza a Vetnil a utilizar o seu nome e sua imagem na divulga\u00e7\u00e3o do Concurso e de seus resultados, sem que isso implique em qualquer tipo de \u00f4nus \u00e0 Vetnil. Os vencedores dever\u00e3o estar \u00e0 disposi\u00e7\u00e3o da Vetnil para atender \u00e0s solicita\u00e7\u00f5es da imprensa quanto \u00e0 concess\u00e3o de entrevistas e coletivas durante o per\u00edodo de quatro (4) meses, a contar da data de divulga\u00e7\u00e3o dos resultados do Pr\u00eamio Veterin\u00e1rio do Ano Vetnil \u2013 Anclivepa<br \/>Brasil. Para cada entrevista, os vencedores ser\u00e3o avisados com anteced\u00eancia de 2 (dois) dias sobre a data, hor\u00e1rio e o ve\u00edculo que far\u00e1 o contato. Caso a data e hor\u00e1rio das entrevistas n\u00e3o sejam apropriados aos autores, poder\u00e3o ser remarcados at\u00e9 1 (uma) vez de acordo com sua disponibilidade.<\/p>\t\t\t\t\t<\/div>\n\t\t\t\t\t\t<\/div>\n\t\t\t\t<\/div>\n\t\t\t\t\t\t<\/div>\n\t\t\t\t\t<\/div>\n\t\t<\/div>\n\t\t\t\t\t\t\t\t<\/div>\n\t\t\t\t\t<\/div>\n\t\t<\/section>\n\t\t\t\t<section data-particle_enable=\"false\" data-particle-mobile-disabled=\"false\" class=\"elementor-section elementor-top-section elementor-element elementor-element-11fcb67 elementor-section-full_width elementor-section-height-default elementor-section-height-default\" data-id=\"11fcb67\" data-element_type=\"section\" data-settings=\"{&quot;background_background&quot;:&quot;classic&quot;}\">\n\t\t\t\t\t\t\t<div class=\"elementor-background-overlay\"><\/div>\n\t\t\t\t\t\t\t<div class=\"elementor-container elementor-column-gap-default\">\n\t\t\t\t\t\t\t<div class=\"elementor-row\">\n\t\t\t\t\t<div class=\"elementor-column elementor-col-100 elementor-top-column elementor-element elementor-element-f5e4a7c\" data-id=\"f5e4a7c\" data-element_type=\"column\">\n\t\t\t<div class=\"elementor-column-wrap\">\n\t\t\t\t\t\t\t<div class=\"elementor-widget-wrap\">\n\t\t\t\t\t\t\t\t<\/div>\n\t\t\t\t\t<\/div>\n\t\t<\/div>\n\t\t\t\t\t\t\t\t<\/div>\n\t\t\t\t\t<\/div>\n\t\t<\/section>\n\t\t\t\t<section data-particle_enable=\"false\" data-particle-mobile-disabled=\"false\" class=\"elementor-section elementor-top-section elementor-element elementor-element-27137833 elementor-section-boxed elementor-section-height-default elementor-section-height-default\" data-id=\"27137833\" data-element_type=\"section\" data-settings=\"{&quot;background_background&quot;:&quot;classic&quot;}\">\n\t\t\t\t\t\t<div class=\"elementor-container elementor-column-gap-default\">\n\t\t\t\t\t\t\t<div class=\"elementor-row\">\n\t\t\t\t\t<div class=\"elementor-column elementor-col-25 elementor-top-column elementor-element elementor-element-5c992e35\" data-id=\"5c992e35\" data-element_type=\"column\">\n\t\t\t<div class=\"elementor-column-wrap elementor-element-populated\">\n\t\t\t\t\t\t\t<div class=\"elementor-widget-wrap\">\n\t\t\t\t\t\t<div class=\"elementor-element elementor-element-3ddd89a7 elementor-widget elementor-widget-image\" data-id=\"3ddd89a7\" data-element_type=\"widget\" data-widget_type=\"image.default\">\n\t\t\t\t<div class=\"elementor-widget-container\">\n\t\t\t\t\t\t\t\t<div class=\"elementor-image\">\n\t\t\t\t\t\t\t\t\t\t\t\t\t<a href=\"mailto:veterinariodoano@vetnil.com.br\">\n\t\t\t\t\t\t\t<img width=\"429\" height=\"75\" src=\"https:\/\/vetnil.com.br\/veterinariodoano2021\/wp-content\/uploads\/2019\/08\/rodape.png\" class=\"attachment-large size-large\" alt=\"\" loading=\"lazy\" srcset=\"https:\/\/vetnil.com.br\/veterinariodoano2021\/wp-content\/uploads\/2019\/08\/rodape.png 429w, https:\/\/vetnil.com.br\/veterinariodoano2021\/wp-content\/uploads\/2019\/08\/rodape-300x52.png 300w\" sizes=\"(max-width: 34.9rem) calc(100vw - 2rem), (max-width: 53rem) calc(8 * (100vw \/ 12)), (min-width: 53rem) calc(6 * (100vw \/ 12)), 100vw\" \/>\t\t\t\t\t\t\t\t<\/a>\n\t\t\t\t\t\t\t\t\t\t\t\t\t\t<\/div>\n\t\t\t\t\t\t<\/div>\n\t\t\t\t<\/div>\n\t\t\t\t\t\t<\/div>\n\t\t\t\t\t<\/div>\n\t\t<\/div>\n\t\t\t\t<div class=\"elementor-column elementor-col-25 elementor-top-column elementor-element elementor-element-4e129d1a\" data-id=\"4e129d1a\" data-element_type=\"column\">\n\t\t\t<div class=\"elementor-column-wrap elementor-element-populated\">\n\t\t\t\t\t\t\t<div class=\"elementor-widget-wrap\">\n\t\t\t\t\t\t<div class=\"elementor-element elementor-element-1b46661e elementor-widget elementor-widget-image\" data-id=\"1b46661e\" data-element_type=\"widget\" data-widget_type=\"image.default\">\n\t\t\t\t<div class=\"elementor-widget-container\">\n\t\t\t\t\t\t\t\t<div class=\"elementor-image\">\n\t\t\t\t\t\t\t\t\t\t\t\t<img width=\"640\" height=\"108\" src=\"https:\/\/vetnil.com.br\/veterinariodoano2021\/wp-content\/uploads\/2020\/07\/logo-vetnil-premio-2020-1024x173.png\" class=\"attachment-large size-large\" alt=\"\" loading=\"lazy\" srcset=\"https:\/\/vetnil.com.br\/veterinariodoano2021\/wp-content\/uploads\/2020\/07\/logo-vetnil-premio-2020-1024x173.png 1024w, https:\/\/vetnil.com.br\/veterinariodoano2021\/wp-content\/uploads\/2020\/07\/logo-vetnil-premio-2020-300x51.png 300w, https:\/\/vetnil.com.br\/veterinariodoano2021\/wp-content\/uploads\/2020\/07\/logo-vetnil-premio-2020-768x130.png 768w, https:\/\/vetnil.com.br\/veterinariodoano2021\/wp-content\/uploads\/2020\/07\/logo-vetnil-premio-2020-1536x260.png 1536w, https:\/\/vetnil.com.br\/veterinariodoano2021\/wp-content\/uploads\/2020\/07\/logo-vetnil-premio-2020-2048x346.png 2048w, https:\/\/vetnil.com.br\/veterinariodoano2021\/wp-content\/uploads\/2020\/07\/logo-vetnil-premio-2020-1568x265.png 1568w\" sizes=\"(max-width: 34.9rem) calc(100vw - 2rem), (max-width: 53rem) calc(8 * (100vw \/ 12)), (min-width: 53rem) calc(6 * (100vw \/ 12)), 100vw\" \/>\t\t\t\t\t\t\t\t\t\t\t\t\t\t<\/div>\n\t\t\t\t\t\t<\/div>\n\t\t\t\t<\/div>\n\t\t\t\t\t\t<\/div>\n\t\t\t\t\t<\/div>\n\t\t<\/div>\n\t\t\t\t<div class=\"elementor-column elementor-col-25 elementor-top-column elementor-element elementor-element-19fad7e\" data-id=\"19fad7e\" data-element_type=\"column\">\n\t\t\t<div class=\"elementor-column-wrap elementor-element-populated\">\n\t\t\t\t\t\t\t<div class=\"elementor-widget-wrap\">\n\t\t\t\t\t\t<div class=\"elementor-element elementor-element-4a2e16c7 elementor-widget elementor-widget-image\" data-id=\"4a2e16c7\" data-element_type=\"widget\" data-widget_type=\"image.default\">\n\t\t\t\t<div class=\"elementor-widget-container\">\n\t\t\t\t\t\t\t\t<div class=\"elementor-image\">\n\t\t\t\t\t\t\t\t\t\t\t\t<img width=\"123\" height=\"80\" src=\"https:\/\/vetnil.com.br\/veterinariodoano2021\/wp-content\/uploads\/2019\/08\/Ativo-126.png\" class=\"attachment-large size-large\" alt=\"\" loading=\"lazy\" sizes=\"(max-width: 34.9rem) calc(100vw - 2rem), (max-width: 53rem) calc(8 * (100vw \/ 12)), (min-width: 53rem) calc(6 * (100vw \/ 12)), 100vw\" \/>\t\t\t\t\t\t\t\t\t\t\t\t\t\t<\/div>\n\t\t\t\t\t\t<\/div>\n\t\t\t\t<\/div>\n\t\t\t\t\t\t<\/div>\n\t\t\t\t\t<\/div>\n\t\t<\/div>\n\t\t\t\t<div class=\"elementor-column elementor-col-25 elementor-top-column elementor-element elementor-element-63aaed71\" data-id=\"63aaed71\" data-element_type=\"column\">\n\t\t\t<div class=\"elementor-column-wrap elementor-element-populated\">\n\t\t\t\t\t\t\t<div class=\"elementor-widget-wrap\">\n\t\t\t\t\t\t<div class=\"elementor-element elementor-element-5744de5 elementor-widget elementor-widget-html\" data-id=\"5744de5\" data-element_type=\"widget\" data-widget_type=\"html.default\">\n\t\t\t\t<div class=\"elementor-widget-container\">\n\t\t\t<center><ul>\n                 <a href=\"https:\/\/www.facebook.com\/Vetnil\/\"><img src=\"https:\/\/vetnil.com.br\/veterinariodoano2021\/wp-content\/uploads\/2022\/01\/facebook.png\"><\/a>\n                 <a href=\"https:\/\/www.instagram.com\/vetniloficial\/\"><img src=\"https:\/\/vetnil.com.br\/veterinariodoano2021\/wp-content\/uploads\/2022\/01\/instagram.png\"><\/a>\n                 <a href=\"https:\/\/twitter.com\/vetnilpet\"><img src=\"https:\/\/vetnil.com.br\/veterinariodoano2021\/wp-content\/uploads\/2022\/01\/twitter.png\"><\/a>\n                 <a href=\"https:\/\/www.youtube.com\/channel\/UC0TxicFpi3uhUuneSL86SCg\"><img src=\"https:\/\/vetnil.com.br\/veterinariodoano2021\/wp-content\/uploads\/2022\/01\/youtube2.png\"><\/a><\/ul>\t\t<\/div>\n\t\t\t\t<\/div>\n\t\t\t\t<div class=\"elementor-element elementor-element-2f7376c2 elementor-widget elementor-widget-text-editor\" data-id=\"2f7376c2\" data-element_type=\"widget\" data-widget_type=\"text-editor.default\">\n\t\t\t\t<div class=\"elementor-widget-container\">\n\t\t\t\t\t\t\t\t<div class=\"elementor-text-editor elementor-clearfix\">\n\t\t\t\t<p><span style=\"color: #ffffff;\"><a style=\"color: #ffffff;\" href=\"http:\/\/www.vetnil.com.br\">vetnil.com.br<\/a><\/span><\/p>\t\t\t\t\t<\/div>\n\t\t\t\t\t\t<\/div>\n\t\t\t\t<\/div>\n\t\t\t\t\t\t<\/div>\n\t\t\t\t\t<\/div>\n\t\t<\/div>\n\t\t\t\t\t\t\t\t<\/div>\n\t\t\t\t\t<\/div>\n\t\t<\/section>\n\t\t\t\t\t\t<\/div>\n\t\t\t\t\t\t<\/div>\n\t\t\t\t\t<\/div>\n\t\t","protected":false},"excerpt":{"rendered":"<p>REGULAMENTO PR\u00caMIO VETERIN\u00c1RIO DO ANO 2021 VETNIL E ANCLIVEPA BRASIL Artigo 1\u00b0 \u2013 O Pr\u00eamio e as condi\u00e7\u00f5es de Participa\u00e7\u00e3o O Pr\u00eamio Veterin\u00e1rio do Ano Vetnil Anclivepa Brasil \u00e9 uma realiza\u00e7\u00e3o da Vetnil Ind. e Com. de Produtos Veterin\u00e1rios Ltda, em parceria com a ANCLIVEPA Brasil, e tem por objetivo prestigiar a classe m\u00e9dica veterin\u00e1ria &hellip; <\/p>\n<p class=\"link-more\"><a href=\"https:\/\/vetnil.com.br\/veterinariodoano2021\/regulamento\/\" class=\"more-link\">Continue lendo<span class=\"screen-reader-text\"> &#8220;REGULAMENTO&#8221;<\/span><\/a><\/p>\n","protected":false},"author":1,"featured_media":0,"parent":0,"menu_order":0,"comment_status":"closed","ping_status":"closed","template":"elementor_canvas","meta":[],"_links":{"self":[{"href":"https:\/\/vetnil.com.br\/veterinariodoano2021\/wp-json\/wp\/v2\/pages\/10"}],"collection":[{"href":"https:\/\/vetnil.com.br\/veterinariodoano2021\/wp-json\/wp\/v2\/pages"}],"about":[{"href":"https:\/\/vetnil.com.br\/veterinariodoano2021\/wp-json\/wp\/v2\/types\/page"}],"author":[{"embeddable":true,"href":"https:\/\/vetnil.com.br\/veterinariodoano2021\/wp-json\/wp\/v2\/users\/1"}],"replies":[{"embeddable":true,"href":"https:\/\/vetnil.com.br\/veterinariodoano2021\/wp-json\/wp\/v2\/comments?post=10"}],"version-history":[{"count":22,"href":"https:\/\/vetnil.com.br\/veterinariodoano2021\/wp-json\/wp\/v2\/pages\/10\/revisions"}],"predecessor-version":[{"id":6334,"href":"https:\/\/vetnil.com.br\/veterinariodoano2021\/wp-json\/wp\/v2\/pages\/10\/revisions\/6334"}],"wp:attachment":[{"href":"https:\/\/vetnil.com.br\/veterinariodoano2021\/wp-json\/wp\/v2\/media?parent=10"}],"curies":[{"name":"wp","href":"https:\/\/api.w.org\/{rel}","templated":true}]}}