{"id":15,"date":"2019-08-29T17:00:23","date_gmt":"2019-08-29T20:00:23","guid":{"rendered":"http:\/\/www.vetnil.com.br\/veterinariodoano2019\/?page_id=15"},"modified":"2022-01-26T10:13:32","modified_gmt":"2022-01-26T13:13:32","slug":"contato","status":"publish","type":"page","link":"https:\/\/vetnil.com.br\/veterinariodoano2021\/contato\/","title":{"rendered":"CONTATO"},"content":{"rendered":"\t\t<div data-elementor-type=\"wp-page\" data-elementor-id=\"15\" class=\"elementor elementor-15\" data-elementor-settings=\"[]\">\n\t\t\t\t\t\t<div class=\"elementor-inner\">\n\t\t\t\t\t\t\t<div class=\"elementor-section-wrap\">\n\t\t\t\t\t\t\t<section data-particle_enable=\"false\" data-particle-mobile-disabled=\"false\" class=\"elementor-section elementor-top-section elementor-element elementor-element-70893e59 elementor-section-stretched elementor-section-boxed elementor-section-height-default elementor-section-height-default\" data-id=\"70893e59\" data-element_type=\"section\" data-settings=\"{&quot;background_background&quot;:&quot;classic&quot;,&quot;stretch_section&quot;:&quot;section-stretched&quot;}\">\n\t\t\t\t\t\t<div class=\"elementor-container elementor-column-gap-default\">\n\t\t\t\t\t\t\t<div class=\"elementor-row\">\n\t\t\t\t\t<div class=\"elementor-column elementor-col-100 elementor-top-column elementor-element elementor-element-47343725\" data-id=\"47343725\" data-element_type=\"column\">\n\t\t\t<div class=\"elementor-column-wrap elementor-element-populated\">\n\t\t\t\t\t\t\t<div class=\"elementor-widget-wrap\">\n\t\t\t\t\t\t<div class=\"elementor-element elementor-element-4df9ad elementor-widget elementor-widget-quadmenu\" data-id=\"4df9ad\" data-element_type=\"widget\" data-widget_type=\"quadmenu.default\">\n\t\t\t\t<div class=\"elementor-widget-container\">\n\t\t\t<nav id=\"quadmenu\" class=\"quadmenu-default_theme quadmenu-v2.1.9 quadmenu-align-right quadmenu-divider-hide quadmenu-carets-hide quadmenu-background-color quadmenu-mobile-shadow-hide quadmenu-dropdown-shadow-show quadmenu-hover-slidebar sl-top\" data-template=\"collapse\" data-theme=\"default_theme\" data-unwrap=\"0\" data-width=\"\" data-selector=\"\" data-breakpoint=\"768\" data-sticky=\"0\" data-sticky-offset=\"0\">\r\n  <div class=\"quadmenu-container\">\r\n    <div class=\"quadmenu-navbar-header\">\r\n      <button type=\"button\" class=\"quadmenu-navbar-toggle collapsed\" data-quadmenu=\"collapse\" data-target=\"#quadmenu_0\" aria-expanded=\"false\" aria-controls=\"quadmenu\">\r\n  <span class=\"icon-bar-container\">\r\n    <span class=\"icon-bar icon-bar-top\"><\/span>\r\n    <span class=\"icon-bar icon-bar-middle\"><\/span>\r\n    <span class=\"icon-bar icon-bar-bottom\"><\/span>\r\n  <\/span>\r\n<\/button>        <a class=\"quadmenu-navbar-brand img\" href=\"https:\/\/vetnil.com.br\/veterinariodoano2021\/\"><img loading=\"lazy\" height=\"60\" width=\"160\" src=\"https:\/\/vetnil.com.br\/veterinariodoano2021\/wp-content\/uploads\/2020\/07\/logo-vetnil-premio-2020.png\" alt=\"Vetnil\"\/><\/a>\r\n    <\/div>\r\n    <div id=\"quadmenu_0\" class=\"quadmenu-navbar-collapse collapse\">\r\n      <ul class=\"quadmenu-navbar-nav\"><li id=\"menu-item-20\" class=\"quadmenu-item-20 quadmenu-item quadmenu-item-object-page quadmenu-item-home quadmenu-item-type-post_type quadmenu-item-type-post_type quadmenu-item-level-0 quadmenu-has-title quadmenu-has-link quadmenu-has-background quadmenu-dropdown-right\">        <a  href=\"https:\/\/vetnil.com.br\/veterinariodoano2021\/\">\r\n      <span class=\"quadmenu-item-content\">\r\n                                              <span class=\"quadmenu-text  hover t_1000\">HOME<\/span>\r\n                                            <\/span>\r\n    <\/a>\r\n        <\/li><li id=\"menu-item-19\" class=\"quadmenu-item-19 quadmenu-item quadmenu-item-object-page quadmenu-item-type-post_type quadmenu-item-type-post_type quadmenu-item-level-0 quadmenu-has-title quadmenu-has-link quadmenu-has-background quadmenu-dropdown-right\">        <a  href=\"https:\/\/vetnil.com.br\/veterinariodoano2021\/regulamento\/\">\r\n      <span class=\"quadmenu-item-content\">\r\n                                              <span class=\"quadmenu-text  hover t_1000\">REGULAMENTO<\/span>\r\n                                            <\/span>\r\n    <\/a>\r\n        <\/li><li id=\"menu-item-6353\" class=\"quadmenu-item-6353 quadmenu-item quadmenu-item-object-page quadmenu-item-type-post_type quadmenu-item-type-post_type quadmenu-item-level-0 quadmenu-has-title quadmenu-has-link quadmenu-has-background quadmenu-dropdown-right\">        <a  href=\"https:\/\/vetnil.com.br\/veterinariodoano2021\/encerrado\/\">\r\n      <span class=\"quadmenu-item-content\">\r\n                                              <span class=\"quadmenu-text  hover t_1000\">VOTAR<\/span>\r\n                                            <\/span>\r\n    <\/a>\r\n        <\/li><li id=\"menu-item-17\" class=\"quadmenu-item-17 quadmenu-item quadmenu-item-object-page quadmenu-item-type-post_type quadmenu-item-type-post_type quadmenu-item-level-0 quadmenu-has-title quadmenu-has-link quadmenu-has-background quadmenu-dropdown-right\">        <a  href=\"https:\/\/vetnil.com.br\/veterinariodoano2021\/contato\/\">\r\n      <span class=\"quadmenu-item-content\">\r\n                                              <span class=\"quadmenu-text  hover t_1000\">CONTATO<\/span>\r\n                                            <\/span>\r\n    <\/a>\r\n        <\/li><\/ul>    <\/div>\r\n  <\/div>\r\n<\/nav>\t\t<\/div>\n\t\t\t\t<\/div>\n\t\t\t\t\t\t<\/div>\n\t\t\t\t\t<\/div>\n\t\t<\/div>\n\t\t\t\t\t\t\t\t<\/div>\n\t\t\t\t\t<\/div>\n\t\t<\/section>\n\t\t\t\t<section data-particle_enable=\"false\" data-particle-mobile-disabled=\"false\" class=\"elementor-section elementor-top-section elementor-element elementor-element-57707b8 elementor-section-boxed elementor-section-height-default elementor-section-height-default\" data-id=\"57707b8\" data-element_type=\"section\">\n\t\t\t\t\t\t<div class=\"elementor-container elementor-column-gap-default\">\n\t\t\t\t\t\t\t<div class=\"elementor-row\">\n\t\t\t\t\t<div class=\"elementor-column elementor-col-100 elementor-top-column elementor-element elementor-element-3d3b0b8\" data-id=\"3d3b0b8\" data-element_type=\"column\">\n\t\t\t<div class=\"elementor-column-wrap elementor-element-populated\">\n\t\t\t\t\t\t\t<div class=\"elementor-widget-wrap\">\n\t\t\t\t\t\t<div class=\"elementor-element elementor-element-3d60dea elementor-widget elementor-widget-image\" data-id=\"3d60dea\" data-element_type=\"widget\" data-widget_type=\"image.default\">\n\t\t\t\t<div class=\"elementor-widget-container\">\n\t\t\t\t\t\t\t\t<div class=\"elementor-image\">\n\t\t\t\t\t\t\t\t\t\t\t\t<img width=\"300\" height=\"119\" src=\"https:\/\/vetnil.com.br\/veterinariodoano2021\/wp-content\/uploads\/2021\/07\/Premio_2021-8-300x119.png\" class=\"attachment-medium size-medium\" alt=\"\" loading=\"lazy\" srcset=\"https:\/\/vetnil.com.br\/veterinariodoano2021\/wp-content\/uploads\/2021\/07\/Premio_2021-8-300x119.png 300w, https:\/\/vetnil.com.br\/veterinariodoano2021\/wp-content\/uploads\/2021\/07\/Premio_2021-8.png 589w\" sizes=\"(max-width: 34.9rem) calc(100vw - 2rem), (max-width: 53rem) calc(8 * (100vw \/ 12)), (min-width: 53rem) calc(6 * (100vw \/ 12)), 100vw\" \/>\t\t\t\t\t\t\t\t\t\t\t\t\t\t<\/div>\n\t\t\t\t\t\t<\/div>\n\t\t\t\t<\/div>\n\t\t\t\t\t\t<\/div>\n\t\t\t\t\t<\/div>\n\t\t<\/div>\n\t\t\t\t\t\t\t\t<\/div>\n\t\t\t\t\t<\/div>\n\t\t<\/section>\n\t\t\t\t<section data-particle_enable=\"false\" data-particle-mobile-disabled=\"false\" class=\"elementor-section elementor-top-section elementor-element elementor-element-78451877 elementor-section-boxed elementor-section-height-default elementor-section-height-default\" data-id=\"78451877\" data-element_type=\"section\" data-settings=\"{&quot;background_background&quot;:&quot;classic&quot;}\">\n\t\t\t\t\t\t<div class=\"elementor-container elementor-column-gap-default\">\n\t\t\t\t\t\t\t<div class=\"elementor-row\">\n\t\t\t\t\t<div class=\"elementor-column elementor-col-33 elementor-top-column elementor-element elementor-element-49862816\" data-id=\"49862816\" data-element_type=\"column\">\n\t\t\t<div class=\"elementor-column-wrap elementor-element-populated\">\n\t\t\t\t\t\t\t<div class=\"elementor-widget-wrap\">\n\t\t\t\t\t\t<div class=\"elementor-element elementor-element-378a819c elementor-widget elementor-widget-heading\" data-id=\"378a819c\" data-element_type=\"widget\" data-widget_type=\"heading.default\">\n\t\t\t\t<div class=\"elementor-widget-container\">\n\t\t\t<h3 class=\"elementor-heading-title elementor-size-default\">ENTRE EM<BR>\nCONTATO<BR>\nCONOSCO<\/h3>\t\t<\/div>\n\t\t\t\t<\/div>\n\t\t\t\t<div class=\"elementor-element elementor-element-4d96da38 elementor-widget elementor-widget-heading\" data-id=\"4d96da38\" data-element_type=\"widget\" data-widget_type=\"heading.default\">\n\t\t\t\t<div class=\"elementor-widget-container\">\n\t\t\t<h3 class=\"elementor-heading-title elementor-size-default\">VETNIL <\/h3>\t\t<\/div>\n\t\t\t\t<\/div>\n\t\t\t\t<div class=\"elementor-element elementor-element-d562469 elementor-widget elementor-widget-text-editor\" data-id=\"d562469\" data-element_type=\"widget\" data-widget_type=\"text-editor.default\">\n\t\t\t\t<div class=\"elementor-widget-container\">\n\t\t\t\t\t\t\t\t<div class=\"elementor-text-editor elementor-clearfix\">\n\t\t\t\t<p>Em caso de d\u00favida ou sugest\u00e3o <strong>referentes ao Pr\u00eamio<\/strong> entre em contato conosco atrav\u00e9s deste formul\u00e1rio.<\/p><p>Outros assuntos, entrar em contato atrav\u00e9s do site oficial www.<span style=\"color: #2e6151;\">vetnil<\/span>.com.br<\/p>\t\t\t\t\t<\/div>\n\t\t\t\t\t\t<\/div>\n\t\t\t\t<\/div>\n\t\t\t\t\t\t<\/div>\n\t\t\t\t\t<\/div>\n\t\t<\/div>\n\t\t\t\t<div class=\"elementor-column elementor-col-66 elementor-top-column elementor-element elementor-element-27a667df\" data-id=\"27a667df\" data-element_type=\"column\">\n\t\t\t<div class=\"elementor-column-wrap elementor-element-populated\">\n\t\t\t\t\t\t\t<div class=\"elementor-widget-wrap\">\n\t\t\t\t\t\t<div class=\"elementor-element elementor-element-daf56c5 elementor-button-align-stretch elementor-widget elementor-widget-form\" data-id=\"daf56c5\" data-element_type=\"widget\" data-settings=\"{&quot;step_next_label&quot;:&quot;Pr\\u00f3ximo&quot;,&quot;step_previous_label&quot;:&quot;Anterior&quot;,&quot;button_width&quot;:&quot;100&quot;,&quot;step_type&quot;:&quot;number_text&quot;,&quot;step_icon_shape&quot;:&quot;circle&quot;}\" data-widget_type=\"form.default\">\n\t\t\t\t<div class=\"elementor-widget-container\">\n\t\t\t\t\t<form class=\"elementor-form\" method=\"post\" name=\"Novo formul\u00e1rio\">\n\t\t\t<input type=\"hidden\" name=\"post_id\" value=\"15\"\/>\n\t\t\t<input type=\"hidden\" name=\"form_id\" value=\"daf56c5\"\/>\n\t\t\t<input type=\"hidden\" name=\"referer_title\" value=\"\" \/>\n\n\t\t\t\n\t\t\t<div class=\"elementor-form-fields-wrapper elementor-labels-above\">\n\t\t\t\t\t\t\t\t<div class=\"elementor-field-type-text elementor-field-group elementor-column elementor-field-group-name elementor-col-100 elementor-field-required elementor-mark-required\">\n\t\t\t\t\t\t\t\t\t\t\t\t<label for=\"form-field-name\" class=\"elementor-field-label\">\n\t\t\t\t\t\t\t\tNome Completo\t\t\t\t\t\t\t<\/label>\n\t\t\t\t\t\t\t\t\t\t\t\t\t\t<input size=\"1\" type=\"text\" name=\"form_fields[name]\" id=\"form-field-name\" class=\"elementor-field elementor-size-sm  elementor-field-textual\" required=\"required\" aria-required=\"true\">\n\t\t\t\t\t\t\t\t\t\t\t<\/div>\n\t\t\t\t\t\t\t\t<div class=\"elementor-field-type-email elementor-field-group elementor-column elementor-field-group-email elementor-col-50 elementor-field-required elementor-mark-required\">\n\t\t\t\t\t\t\t\t\t\t\t\t<label for=\"form-field-email\" class=\"elementor-field-label\">\n\t\t\t\t\t\t\t\tE-mail\t\t\t\t\t\t\t<\/label>\n\t\t\t\t\t\t\t\t\t\t\t\t\t\t<input size=\"1\" type=\"email\" name=\"form_fields[email]\" id=\"form-field-email\" class=\"elementor-field elementor-size-sm  elementor-field-textual\" required=\"required\" aria-required=\"true\">\n\t\t\t\t\t\t\t\t\t\t\t<\/div>\n\t\t\t\t\t\t\t\t<div class=\"elementor-field-type-tel elementor-field-group elementor-column elementor-field-group-field_a2f4956 elementor-col-50 elementor-field-required elementor-mark-required\">\n\t\t\t\t\t\t\t\t\t\t\t\t<label for=\"form-field-field_a2f4956\" class=\"elementor-field-label\">\n\t\t\t\t\t\t\t\tTelefone\t\t\t\t\t\t\t<\/label>\n\t\t\t\t\t\t\t\t<input size=\"1\" type=\"tel\" name=\"form_fields[field_a2f4956]\" id=\"form-field-field_a2f4956\" class=\"elementor-field elementor-size-sm  elementor-field-textual\" required=\"required\" aria-required=\"true\" pattern=\"[0-9()#&amp;+*-=.]+\" title=\"Apenas n\u00fameros e caracteres de telefone (#, -, *, etc.) s\u00e3o aceitos.\">\n\n\t\t\t\t\t\t<\/div>\n\t\t\t\t\t\t\t\t<div class=\"elementor-field-type-textarea elementor-field-group elementor-column elementor-field-group-message elementor-col-100 elementor-field-required elementor-mark-required\">\n\t\t\t\t\t\t\t\t\t\t\t\t<label for=\"form-field-message\" class=\"elementor-field-label\">\n\t\t\t\t\t\t\t\tMensagem\t\t\t\t\t\t\t<\/label>\n\t\t\t\t\t\t<textarea class=\"elementor-field-textual elementor-field  elementor-size-sm\" name=\"form_fields[message]\" id=\"form-field-message\" rows=\"4\" required=\"required\" aria-required=\"true\"><\/textarea>\t\t\t\t<\/div>\n\t\t\t\t\t\t\t\t<div class=\"elementor-field-group elementor-column elementor-field-type-submit elementor-col-100 e-form__buttons\">\n\t\t\t\t\t<button type=\"submit\" class=\"elementor-button elementor-size-sm\">\n\t\t\t\t\t\t<span >\n\t\t\t\t\t\t\t\t\t\t\t\t\t\t\t<span class=\" elementor-button-icon\">\n\t\t\t\t\t\t\t\t\t\t\t\t\t\t\t\t\t\t\t\t\t\t\t\t\t\t<\/span>\n\t\t\t\t\t\t\t\t\t\t\t\t\t\t\t\t\t\t\t\t\t\t<span class=\"elementor-button-text\">Enviar<\/span>\n\t\t\t\t\t\t\t\t\t\t\t\t\t<\/span>\n\t\t\t\t\t<\/button>\n\t\t\t\t<\/div>\n\t\t\t<\/div>\n\t\t<\/form>\n\t\t\t\t<\/div>\n\t\t\t\t<\/div>\n\t\t\t\t<div class=\"elementor-element elementor-element-aae2ef4 elementor-widget-divider--view-line elementor-widget elementor-widget-divider\" data-id=\"aae2ef4\" data-element_type=\"widget\" data-widget_type=\"divider.default\">\n\t\t\t\t<div class=\"elementor-widget-container\">\n\t\t\t\t\t<div class=\"elementor-divider\">\n\t\t\t<span class=\"elementor-divider-separator\">\n\t\t\t\t\t\t<\/span>\n\t\t<\/div>\n\t\t\t\t<\/div>\n\t\t\t\t<\/div>\n\t\t\t\t<div class=\"elementor-element elementor-element-3d65aeb elementor-widget elementor-widget-heading\" data-id=\"3d65aeb\" data-element_type=\"widget\" data-widget_type=\"heading.default\">\n\t\t\t\t<div class=\"elementor-widget-container\">\n\t\t\t<h3 class=\"elementor-heading-title elementor-size-default\">Os campos com (*) asterisco s\u00e3o de preenchimento obrigat\u00f3rio<\/h3>\t\t<\/div>\n\t\t\t\t<\/div>\n\t\t\t\t\t\t<\/div>\n\t\t\t\t\t<\/div>\n\t\t<\/div>\n\t\t\t\t\t\t\t\t<\/div>\n\t\t\t\t\t<\/div>\n\t\t<\/section>\n\t\t\t\t<section data-particle_enable=\"false\" data-particle-mobile-disabled=\"false\" class=\"elementor-section elementor-top-section elementor-element elementor-element-8a2381c elementor-section-full_width elementor-section-height-default elementor-section-height-default\" data-id=\"8a2381c\" data-element_type=\"section\" data-settings=\"{&quot;background_background&quot;:&quot;classic&quot;}\">\n\t\t\t\t\t\t\t<div class=\"elementor-background-overlay\"><\/div>\n\t\t\t\t\t\t\t<div class=\"elementor-container elementor-column-gap-default\">\n\t\t\t\t\t\t\t<div class=\"elementor-row\">\n\t\t\t\t\t<div class=\"elementor-column elementor-col-100 elementor-top-column elementor-element elementor-element-46311cf\" data-id=\"46311cf\" data-element_type=\"column\">\n\t\t\t<div class=\"elementor-column-wrap\">\n\t\t\t\t\t\t\t<div class=\"elementor-widget-wrap\">\n\t\t\t\t\t\t\t\t<\/div>\n\t\t\t\t\t<\/div>\n\t\t<\/div>\n\t\t\t\t\t\t\t\t<\/div>\n\t\t\t\t\t<\/div>\n\t\t<\/section>\n\t\t\t\t<section data-particle_enable=\"false\" data-particle-mobile-disabled=\"false\" class=\"elementor-section elementor-top-section elementor-element elementor-element-3f1cf2ce elementor-section-boxed elementor-section-height-default elementor-section-height-default\" data-id=\"3f1cf2ce\" data-element_type=\"section\" data-settings=\"{&quot;background_background&quot;:&quot;classic&quot;}\">\n\t\t\t\t\t\t<div class=\"elementor-container elementor-column-gap-default\">\n\t\t\t\t\t\t\t<div class=\"elementor-row\">\n\t\t\t\t\t<div class=\"elementor-column elementor-col-25 elementor-top-column elementor-element elementor-element-3ffa716f\" data-id=\"3ffa716f\" data-element_type=\"column\">\n\t\t\t<div class=\"elementor-column-wrap elementor-element-populated\">\n\t\t\t\t\t\t\t<div class=\"elementor-widget-wrap\">\n\t\t\t\t\t\t<div class=\"elementor-element elementor-element-14caa1fa elementor-widget elementor-widget-image\" data-id=\"14caa1fa\" data-element_type=\"widget\" data-widget_type=\"image.default\">\n\t\t\t\t<div class=\"elementor-widget-container\">\n\t\t\t\t\t\t\t\t<div class=\"elementor-image\">\n\t\t\t\t\t\t\t\t\t\t\t\t\t<a href=\"mailto:veterinariodoano@vetnil.com.br\">\n\t\t\t\t\t\t\t<img width=\"429\" height=\"75\" src=\"https:\/\/vetnil.com.br\/veterinariodoano2021\/wp-content\/uploads\/2019\/08\/rodape.png\" class=\"attachment-large size-large\" alt=\"\" loading=\"lazy\" srcset=\"https:\/\/vetnil.com.br\/veterinariodoano2021\/wp-content\/uploads\/2019\/08\/rodape.png 429w, https:\/\/vetnil.com.br\/veterinariodoano2021\/wp-content\/uploads\/2019\/08\/rodape-300x52.png 300w\" sizes=\"(max-width: 34.9rem) calc(100vw - 2rem), (max-width: 53rem) calc(8 * (100vw \/ 12)), (min-width: 53rem) calc(6 * (100vw \/ 12)), 100vw\" \/>\t\t\t\t\t\t\t\t<\/a>\n\t\t\t\t\t\t\t\t\t\t\t\t\t\t<\/div>\n\t\t\t\t\t\t<\/div>\n\t\t\t\t<\/div>\n\t\t\t\t\t\t<\/div>\n\t\t\t\t\t<\/div>\n\t\t<\/div>\n\t\t\t\t<div class=\"elementor-column elementor-col-25 elementor-top-column elementor-element elementor-element-626766c6\" data-id=\"626766c6\" data-element_type=\"column\">\n\t\t\t<div class=\"elementor-column-wrap elementor-element-populated\">\n\t\t\t\t\t\t\t<div class=\"elementor-widget-wrap\">\n\t\t\t\t\t\t<div class=\"elementor-element elementor-element-2c2c890f elementor-widget elementor-widget-image\" data-id=\"2c2c890f\" data-element_type=\"widget\" data-widget_type=\"image.default\">\n\t\t\t\t<div class=\"elementor-widget-container\">\n\t\t\t\t\t\t\t\t<div class=\"elementor-image\">\n\t\t\t\t\t\t\t\t\t\t\t\t<img width=\"640\" height=\"108\" src=\"https:\/\/vetnil.com.br\/veterinariodoano2021\/wp-content\/uploads\/2020\/07\/logo-vetnil-premio-2020-1024x173.png\" class=\"attachment-large size-large\" alt=\"\" loading=\"lazy\" srcset=\"https:\/\/vetnil.com.br\/veterinariodoano2021\/wp-content\/uploads\/2020\/07\/logo-vetnil-premio-2020-1024x173.png 1024w, https:\/\/vetnil.com.br\/veterinariodoano2021\/wp-content\/uploads\/2020\/07\/logo-vetnil-premio-2020-300x51.png 300w, https:\/\/vetnil.com.br\/veterinariodoano2021\/wp-content\/uploads\/2020\/07\/logo-vetnil-premio-2020-768x130.png 768w, https:\/\/vetnil.com.br\/veterinariodoano2021\/wp-content\/uploads\/2020\/07\/logo-vetnil-premio-2020-1536x260.png 1536w, https:\/\/vetnil.com.br\/veterinariodoano2021\/wp-content\/uploads\/2020\/07\/logo-vetnil-premio-2020-2048x346.png 2048w, https:\/\/vetnil.com.br\/veterinariodoano2021\/wp-content\/uploads\/2020\/07\/logo-vetnil-premio-2020-1568x265.png 1568w\" sizes=\"(max-width: 34.9rem) calc(100vw - 2rem), (max-width: 53rem) calc(8 * (100vw \/ 12)), (min-width: 53rem) calc(6 * (100vw \/ 12)), 100vw\" \/>\t\t\t\t\t\t\t\t\t\t\t\t\t\t<\/div>\n\t\t\t\t\t\t<\/div>\n\t\t\t\t<\/div>\n\t\t\t\t\t\t<\/div>\n\t\t\t\t\t<\/div>\n\t\t<\/div>\n\t\t\t\t<div class=\"elementor-column elementor-col-25 elementor-top-column elementor-element elementor-element-e6fb413\" data-id=\"e6fb413\" data-element_type=\"column\">\n\t\t\t<div class=\"elementor-column-wrap elementor-element-populated\">\n\t\t\t\t\t\t\t<div class=\"elementor-widget-wrap\">\n\t\t\t\t\t\t<div class=\"elementor-element elementor-element-76f4dda7 elementor-widget elementor-widget-image\" data-id=\"76f4dda7\" data-element_type=\"widget\" data-widget_type=\"image.default\">\n\t\t\t\t<div class=\"elementor-widget-container\">\n\t\t\t\t\t\t\t\t<div class=\"elementor-image\">\n\t\t\t\t\t\t\t\t\t\t\t\t<img width=\"123\" height=\"80\" src=\"https:\/\/vetnil.com.br\/veterinariodoano2021\/wp-content\/uploads\/2019\/08\/Ativo-126.png\" class=\"attachment-large size-large\" alt=\"\" loading=\"lazy\" sizes=\"(max-width: 34.9rem) calc(100vw - 2rem), (max-width: 53rem) calc(8 * (100vw \/ 12)), (min-width: 53rem) calc(6 * (100vw \/ 12)), 100vw\" \/>\t\t\t\t\t\t\t\t\t\t\t\t\t\t<\/div>\n\t\t\t\t\t\t<\/div>\n\t\t\t\t<\/div>\n\t\t\t\t\t\t<\/div>\n\t\t\t\t\t<\/div>\n\t\t<\/div>\n\t\t\t\t<div class=\"elementor-column elementor-col-25 elementor-top-column elementor-element elementor-element-1bfb2c8e\" data-id=\"1bfb2c8e\" data-element_type=\"column\">\n\t\t\t<div class=\"elementor-column-wrap elementor-element-populated\">\n\t\t\t\t\t\t\t<div class=\"elementor-widget-wrap\">\n\t\t\t\t\t\t<div class=\"elementor-element elementor-element-3ea0b8d elementor-widget elementor-widget-html\" data-id=\"3ea0b8d\" data-element_type=\"widget\" data-widget_type=\"html.default\">\n\t\t\t\t<div class=\"elementor-widget-container\">\n\t\t\t<center><ul>\n                 <a href=\"https:\/\/www.facebook.com\/Vetnil\/\"><img src=\"https:\/\/vetnil.com.br\/veterinariodoano2021\/wp-content\/uploads\/2022\/01\/facebook.png\"><\/a>\n                 <a href=\"https:\/\/www.instagram.com\/vetniloficial\/\"><img src=\"https:\/\/vetnil.com.br\/veterinariodoano2021\/wp-content\/uploads\/2022\/01\/instagram.png\"><\/a>\n                 <a href=\"https:\/\/twitter.com\/vetnilpet\"><img src=\"https:\/\/vetnil.com.br\/veterinariodoano2021\/wp-content\/uploads\/2022\/01\/twitter.png\"><\/a>\n                 <a href=\"https:\/\/www.youtube.com\/channel\/UC0TxicFpi3uhUuneSL86SCg\"><img src=\"https:\/\/vetnil.com.br\/veterinariodoano2021\/wp-content\/uploads\/2022\/01\/youtube2.png\"><\/a><\/ul>\t\t<\/div>\n\t\t\t\t<\/div>\n\t\t\t\t<div class=\"elementor-element elementor-element-329468ea elementor-widget elementor-widget-text-editor\" data-id=\"329468ea\" data-element_type=\"widget\" data-widget_type=\"text-editor.default\">\n\t\t\t\t<div class=\"elementor-widget-container\">\n\t\t\t\t\t\t\t\t<div class=\"elementor-text-editor elementor-clearfix\">\n\t\t\t\t<p><span style=\"color: #ffffff;\"><a style=\"color: #ffffff;\" href=\"http:\/\/www.vetnil.com.br\">vetnil.com.br<\/a><\/span><\/p>\t\t\t\t\t<\/div>\n\t\t\t\t\t\t<\/div>\n\t\t\t\t<\/div>\n\t\t\t\t\t\t<\/div>\n\t\t\t\t\t<\/div>\n\t\t<\/div>\n\t\t\t\t\t\t\t\t<\/div>\n\t\t\t\t\t<\/div>\n\t\t<\/section>\n\t\t\t\t\t\t<\/div>\n\t\t\t\t\t\t<\/div>\n\t\t\t\t\t<\/div>\n\t\t","protected":false},"excerpt":{"rendered":"<p>ENTRE EM CONTATO CONOSCO VETNIL Em caso de d\u00favida ou sugest\u00e3o referentes ao Pr\u00eamio entre em contato conosco atrav\u00e9s deste formul\u00e1rio. Outros assuntos, entrar em contato atrav\u00e9s do site oficial www.vetnil.com.br Os campos com (*) asterisco s\u00e3o de preenchimento obrigat\u00f3rio vetnil.com.br<\/p>\n","protected":false},"author":1,"featured_media":0,"parent":0,"menu_order":0,"comment_status":"closed","ping_status":"closed","template":"elementor_canvas","meta":[],"_links":{"self":[{"href":"https:\/\/vetnil.com.br\/veterinariodoano2021\/wp-json\/wp\/v2\/pages\/15"}],"collection":[{"href":"https:\/\/vetnil.com.br\/veterinariodoano2021\/wp-json\/wp\/v2\/pages"}],"about":[{"href":"https:\/\/vetnil.com.br\/veterinariodoano2021\/wp-json\/wp\/v2\/types\/page"}],"author":[{"embeddable":true,"href":"https:\/\/vetnil.com.br\/veterinariodoano2021\/wp-json\/wp\/v2\/users\/1"}],"replies":[{"embeddable":true,"href":"https:\/\/vetnil.com.br\/veterinariodoano2021\/wp-json\/wp\/v2\/comments?post=15"}],"version-history":[{"count":13,"href":"https:\/\/vetnil.com.br\/veterinariodoano2021\/wp-json\/wp\/v2\/pages\/15\/revisions"}],"predecessor-version":[{"id":6101,"href":"https:\/\/vetnil.com.br\/veterinariodoano2021\/wp-json\/wp\/v2\/pages\/15\/revisions\/6101"}],"wp:attachment":[{"href":"https:\/\/vetnil.com.br\/veterinariodoano2021\/wp-json\/wp\/v2\/media?parent=15"}],"curies":[{"name":"wp","href":"https:\/\/api.w.org\/{rel}","templated":true}]}}