{"id":5,"date":"2019-08-29T15:44:44","date_gmt":"2019-08-29T18:44:44","guid":{"rendered":"http:\/\/www.vetnil.com.br\/veterinariodoano2019\/?page_id=5"},"modified":"2022-04-01T06:03:27","modified_gmt":"2022-04-01T09:03:27","slug":"home","status":"publish","type":"page","link":"https:\/\/vetnil.com.br\/veterinariodoano2021\/","title":{"rendered":"Home"},"content":{"rendered":"\t\t<div data-elementor-type=\"wp-page\" data-elementor-id=\"5\" class=\"elementor elementor-5\" data-elementor-settings=\"[]\">\n\t\t\t\t\t\t<div class=\"elementor-inner\">\n\t\t\t\t\t\t\t<div class=\"elementor-section-wrap\">\n\t\t\t\t\t\t\t<section data-particle_enable=\"false\" data-particle-mobile-disabled=\"false\" class=\"elementor-section elementor-top-section elementor-element elementor-element-4eb5800 elementor-section-stretched elementor-section-boxed elementor-section-height-default elementor-section-height-default\" data-id=\"4eb5800\" data-element_type=\"section\" data-settings=\"{&quot;background_background&quot;:&quot;classic&quot;,&quot;stretch_section&quot;:&quot;section-stretched&quot;}\">\n\t\t\t\t\t\t<div class=\"elementor-container elementor-column-gap-default\">\n\t\t\t\t\t\t\t<div class=\"elementor-row\">\n\t\t\t\t\t<div class=\"elementor-column elementor-col-100 elementor-top-column elementor-element elementor-element-9203206\" data-id=\"9203206\" data-element_type=\"column\">\n\t\t\t<div class=\"elementor-column-wrap elementor-element-populated\">\n\t\t\t\t\t\t\t<div class=\"elementor-widget-wrap\">\n\t\t\t\t\t\t<div class=\"elementor-element elementor-element-215bf9e elementor-widget elementor-widget-quadmenu\" data-id=\"215bf9e\" data-element_type=\"widget\" data-widget_type=\"quadmenu.default\">\n\t\t\t\t<div class=\"elementor-widget-container\">\n\t\t\t<nav id=\"quadmenu\" class=\"quadmenu-default_theme quadmenu-v2.1.9 quadmenu-align-right quadmenu-divider-hide quadmenu-carets-hide quadmenu-background-color quadmenu-mobile-shadow-hide quadmenu-dropdown-shadow-show quadmenu-hover-slidebar sl-top\" data-template=\"collapse\" data-theme=\"default_theme\" data-unwrap=\"0\" data-width=\"\" data-selector=\"\" data-breakpoint=\"768\" data-sticky=\"0\" data-sticky-offset=\"0\">\r\n  <div class=\"quadmenu-container\">\r\n    <div class=\"quadmenu-navbar-header\">\r\n      <button type=\"button\" class=\"quadmenu-navbar-toggle collapsed\" data-quadmenu=\"collapse\" data-target=\"#quadmenu_0\" aria-expanded=\"false\" aria-controls=\"quadmenu\">\r\n  <span class=\"icon-bar-container\">\r\n    <span class=\"icon-bar icon-bar-top\"><\/span>\r\n    <span class=\"icon-bar icon-bar-middle\"><\/span>\r\n    <span class=\"icon-bar icon-bar-bottom\"><\/span>\r\n  <\/span>\r\n<\/button>        <a class=\"quadmenu-navbar-brand img\" href=\"https:\/\/vetnil.com.br\/veterinariodoano2021\/\"><img loading=\"lazy\" height=\"60\" width=\"160\" src=\"https:\/\/vetnil.com.br\/veterinariodoano2021\/wp-content\/uploads\/2020\/07\/logo-vetnil-premio-2020.png\" alt=\"Vetnil\"\/><\/a>\r\n    <\/div>\r\n    <div id=\"quadmenu_0\" class=\"quadmenu-navbar-collapse collapse\">\r\n      <ul class=\"quadmenu-navbar-nav\"><li id=\"menu-item-20\" class=\"quadmenu-item-20 quadmenu-item quadmenu-item-object-page quadmenu-item-home quadmenu-item-type-post_type quadmenu-item-type-post_type quadmenu-item-level-0 quadmenu-has-title quadmenu-has-link quadmenu-has-background quadmenu-dropdown-right\">        <a  href=\"https:\/\/vetnil.com.br\/veterinariodoano2021\/\">\r\n      <span class=\"quadmenu-item-content\">\r\n                                              <span class=\"quadmenu-text  hover t_1000\">HOME<\/span>\r\n                                            <\/span>\r\n    <\/a>\r\n        <\/li><li id=\"menu-item-19\" class=\"quadmenu-item-19 quadmenu-item quadmenu-item-object-page quadmenu-item-type-post_type quadmenu-item-type-post_type quadmenu-item-level-0 quadmenu-has-title quadmenu-has-link quadmenu-has-background quadmenu-dropdown-right\">        <a  href=\"https:\/\/vetnil.com.br\/veterinariodoano2021\/regulamento\/\">\r\n      <span class=\"quadmenu-item-content\">\r\n                                              <span class=\"quadmenu-text  hover t_1000\">REGULAMENTO<\/span>\r\n                                            <\/span>\r\n    <\/a>\r\n        <\/li><li id=\"menu-item-6353\" class=\"quadmenu-item-6353 quadmenu-item quadmenu-item-object-page quadmenu-item-type-post_type quadmenu-item-type-post_type quadmenu-item-level-0 quadmenu-has-title quadmenu-has-link quadmenu-has-background quadmenu-dropdown-right\">        <a  href=\"https:\/\/vetnil.com.br\/veterinariodoano2021\/encerrado\/\">\r\n      <span class=\"quadmenu-item-content\">\r\n                                              <span class=\"quadmenu-text  hover t_1000\">VOTAR<\/span>\r\n                                            <\/span>\r\n    <\/a>\r\n        <\/li><li id=\"menu-item-17\" class=\"quadmenu-item-17 quadmenu-item quadmenu-item-object-page quadmenu-item-type-post_type quadmenu-item-type-post_type quadmenu-item-level-0 quadmenu-has-title quadmenu-has-link quadmenu-has-background quadmenu-dropdown-right\">        <a  href=\"https:\/\/vetnil.com.br\/veterinariodoano2021\/contato\/\">\r\n      <span class=\"quadmenu-item-content\">\r\n                                              <span class=\"quadmenu-text  hover t_1000\">CONTATO<\/span>\r\n                                            <\/span>\r\n    <\/a>\r\n        <\/li><\/ul>    <\/div>\r\n  <\/div>\r\n<\/nav>\t\t<\/div>\n\t\t\t\t<\/div>\n\t\t\t\t\t\t<\/div>\n\t\t\t\t\t<\/div>\n\t\t<\/div>\n\t\t\t\t\t\t\t\t<\/div>\n\t\t\t\t\t<\/div>\n\t\t<\/section>\n\t\t\t\t<section data-particle_enable=\"false\" data-particle-mobile-disabled=\"false\" class=\"elementor-section elementor-top-section elementor-element elementor-element-13f5bad elementor-section-stretched elementor-section-full_width elementor-section-height-default elementor-section-height-default\" data-id=\"13f5bad\" data-element_type=\"section\" data-settings=\"{&quot;stretch_section&quot;:&quot;section-stretched&quot;}\">\n\t\t\t\t\t\t<div class=\"elementor-container elementor-column-gap-no\">\n\t\t\t\t\t\t\t<div class=\"elementor-row\">\n\t\t\t\t\t<div class=\"elementor-column elementor-col-100 elementor-top-column elementor-element elementor-element-b6b64a6\" data-id=\"b6b64a6\" data-element_type=\"column\">\n\t\t\t<div class=\"elementor-column-wrap elementor-element-populated\">\n\t\t\t\t\t\t\t<div class=\"elementor-widget-wrap\">\n\t\t\t\t\t\t<div class=\"elementor-element elementor-element-fbb4117 elementor-widget elementor-widget-image\" data-id=\"fbb4117\" data-element_type=\"widget\" data-widget_type=\"image.default\">\n\t\t\t\t<div class=\"elementor-widget-container\">\n\t\t\t\t\t\t\t\t<div class=\"elementor-image\">\n\t\t\t\t\t\t\t\t\t\t\t\t<img width=\"1926\" height=\"854\" src=\"https:\/\/vetnil.com.br\/veterinariodoano2021\/wp-content\/uploads\/2021\/07\/banner_2021-8.png\" class=\"attachment-2048x2048 size-2048x2048\" alt=\"\" loading=\"lazy\" srcset=\"https:\/\/vetnil.com.br\/veterinariodoano2021\/wp-content\/uploads\/2021\/07\/banner_2021-8.png 1926w, https:\/\/vetnil.com.br\/veterinariodoano2021\/wp-content\/uploads\/2021\/07\/banner_2021-8-300x133.png 300w, https:\/\/vetnil.com.br\/veterinariodoano2021\/wp-content\/uploads\/2021\/07\/banner_2021-8-1024x454.png 1024w, https:\/\/vetnil.com.br\/veterinariodoano2021\/wp-content\/uploads\/2021\/07\/banner_2021-8-768x341.png 768w, https:\/\/vetnil.com.br\/veterinariodoano2021\/wp-content\/uploads\/2021\/07\/banner_2021-8-1536x681.png 1536w, https:\/\/vetnil.com.br\/veterinariodoano2021\/wp-content\/uploads\/2021\/07\/banner_2021-8-1568x695.png 1568w\" sizes=\"(max-width: 34.9rem) calc(100vw - 2rem), (max-width: 53rem) calc(8 * (100vw \/ 12)), (min-width: 53rem) calc(6 * (100vw \/ 12)), 100vw\" \/>\t\t\t\t\t\t\t\t\t\t\t\t\t\t<\/div>\n\t\t\t\t\t\t<\/div>\n\t\t\t\t<\/div>\n\t\t\t\t\t\t<\/div>\n\t\t\t\t\t<\/div>\n\t\t<\/div>\n\t\t\t\t\t\t\t\t<\/div>\n\t\t\t\t\t<\/div>\n\t\t<\/section>\n\t\t\t\t<section data-particle_enable=\"false\" data-particle-mobile-disabled=\"false\" class=\"elementor-section elementor-top-section elementor-element elementor-element-913a694 elementor-section-boxed elementor-section-height-default elementor-section-height-default\" data-id=\"913a694\" data-element_type=\"section\" id=\"estrelas\">\n\t\t\t\t\t\t<div class=\"elementor-container elementor-column-gap-default\">\n\t\t\t\t\t\t\t<div class=\"elementor-row\">\n\t\t\t\t\t<div class=\"elementor-column elementor-col-100 elementor-top-column elementor-element elementor-element-500cd41\" data-id=\"500cd41\" data-element_type=\"column\">\n\t\t\t<div class=\"elementor-column-wrap elementor-element-populated\">\n\t\t\t\t\t\t\t<div class=\"elementor-widget-wrap\">\n\t\t\t\t\t\t<div class=\"elementor-element elementor-element-03018c7 elementor-widget elementor-widget-image\" data-id=\"03018c7\" data-element_type=\"widget\" data-widget_type=\"image.default\">\n\t\t\t\t<div class=\"elementor-widget-container\">\n\t\t\t\t\t\t\t\t<div class=\"elementor-image\">\n\t\t\t\t\t\t\t\t\t\t\t\t<img width=\"1569\" height=\"74\" src=\"https:\/\/vetnil.com.br\/veterinariodoano2021\/wp-content\/uploads\/2021\/07\/estrelas-8.png\" class=\"attachment-full size-full\" alt=\"\" loading=\"lazy\" srcset=\"https:\/\/vetnil.com.br\/veterinariodoano2021\/wp-content\/uploads\/2021\/07\/estrelas-8.png 1569w, https:\/\/vetnil.com.br\/veterinariodoano2021\/wp-content\/uploads\/2021\/07\/estrelas-8-300x14.png 300w, https:\/\/vetnil.com.br\/veterinariodoano2021\/wp-content\/uploads\/2021\/07\/estrelas-8-1024x48.png 1024w, https:\/\/vetnil.com.br\/veterinariodoano2021\/wp-content\/uploads\/2021\/07\/estrelas-8-768x36.png 768w, https:\/\/vetnil.com.br\/veterinariodoano2021\/wp-content\/uploads\/2021\/07\/estrelas-8-1536x72.png 1536w\" sizes=\"(max-width: 34.9rem) calc(100vw - 2rem), (max-width: 53rem) calc(8 * (100vw \/ 12)), (min-width: 53rem) calc(6 * (100vw \/ 12)), 100vw\" \/>\t\t\t\t\t\t\t\t\t\t\t\t\t\t<\/div>\n\t\t\t\t\t\t<\/div>\n\t\t\t\t<\/div>\n\t\t\t\t\t\t<\/div>\n\t\t\t\t\t<\/div>\n\t\t<\/div>\n\t\t\t\t\t\t\t\t<\/div>\n\t\t\t\t\t<\/div>\n\t\t<\/section>\n\t\t\t\t<section data-particle_enable=\"false\" data-particle-mobile-disabled=\"false\" class=\"elementor-section elementor-top-section elementor-element elementor-element-26e76e6 elementor-section-boxed elementor-section-height-default elementor-section-height-default\" data-id=\"26e76e6\" data-element_type=\"section\" id=\"home-info-id\">\n\t\t\t\t\t\t<div class=\"elementor-container elementor-column-gap-default\">\n\t\t\t\t\t\t\t<div class=\"elementor-row\">\n\t\t\t\t\t<div class=\"elementor-column elementor-col-50 elementor-top-column elementor-element elementor-element-2e3c1c2\" data-id=\"2e3c1c2\" data-element_type=\"column\">\n\t\t\t<div class=\"elementor-column-wrap elementor-element-populated\">\n\t\t\t\t\t\t\t<div class=\"elementor-widget-wrap\">\n\t\t\t\t\t\t<div class=\"elementor-element elementor-element-50ee128 elementor-widget elementor-widget-image\" data-id=\"50ee128\" data-element_type=\"widget\" data-widget_type=\"image.default\">\n\t\t\t\t<div class=\"elementor-widget-container\">\n\t\t\t\t\t\t\t\t<div class=\"elementor-image\">\n\t\t\t\t\t\t\t\t\t\t\t\t<img width=\"589\" height=\"234\" src=\"https:\/\/vetnil.com.br\/veterinariodoano2021\/wp-content\/uploads\/2021\/07\/Premio_2021-8.png\" class=\"attachment-large size-large\" alt=\"\" loading=\"lazy\" srcset=\"https:\/\/vetnil.com.br\/veterinariodoano2021\/wp-content\/uploads\/2021\/07\/Premio_2021-8.png 589w, https:\/\/vetnil.com.br\/veterinariodoano2021\/wp-content\/uploads\/2021\/07\/Premio_2021-8-300x119.png 300w\" sizes=\"(max-width: 34.9rem) calc(100vw - 2rem), (max-width: 53rem) calc(8 * (100vw \/ 12)), (min-width: 53rem) calc(6 * (100vw \/ 12)), 100vw\" \/>\t\t\t\t\t\t\t\t\t\t\t\t\t\t<\/div>\n\t\t\t\t\t\t<\/div>\n\t\t\t\t<\/div>\n\t\t\t\t\t\t<\/div>\n\t\t\t\t\t<\/div>\n\t\t<\/div>\n\t\t\t\t<div class=\"elementor-column elementor-col-50 elementor-top-column elementor-element elementor-element-8bf6977\" data-id=\"8bf6977\" data-element_type=\"column\">\n\t\t\t<div class=\"elementor-column-wrap elementor-element-populated\">\n\t\t\t\t\t\t\t<div class=\"elementor-widget-wrap\">\n\t\t\t\t\t\t<div class=\"elementor-element elementor-element-2952dd4 elementor-widget elementor-widget-heading\" data-id=\"2952dd4\" data-element_type=\"widget\" data-widget_type=\"heading.default\">\n\t\t\t\t<div class=\"elementor-widget-container\">\n\t\t\t<h3 class=\"elementor-heading-title elementor-size-default\">PR\u00caMIO VETERIN\u00c1RIO DO ANO<\/h3>\t\t<\/div>\n\t\t\t\t<\/div>\n\t\t\t\t<div class=\"elementor-element elementor-element-59e056f elementor-widget elementor-widget-heading\" data-id=\"59e056f\" data-element_type=\"widget\" data-widget_type=\"heading.default\">\n\t\t\t\t<div class=\"elementor-widget-container\">\n\t\t\t<h3 class=\"elementor-heading-title elementor-size-default\">VETNIL ANCLIVEPA BRASIL<\/h3>\t\t<\/div>\n\t\t\t\t<\/div>\n\t\t\t\t<div class=\"elementor-element elementor-element-f2291dc elementor-widget elementor-widget-text-editor\" data-id=\"f2291dc\" data-element_type=\"widget\" data-widget_type=\"text-editor.default\">\n\t\t\t\t<div class=\"elementor-widget-container\">\n\t\t\t\t\t\t\t\t<div class=\"elementor-text-editor elementor-clearfix\">\n\t\t\t\t<p>O Pr\u00eamio Veterin\u00e1rio do Ano Vetnil Anclivepa Brasil se consolidou como um importante reconhecimento aos M\u00e9dicos-Veterin\u00e1rios, atuantes na cl\u00ednica de Pequenos Animais, que se destacaram no segmento.<\/p><p>O Pr\u00eamio j\u00e1 faz parte da hist\u00f3ria da categoria no Brasil, reconhecendo grandes profissionais como a M.V. Maria Alessandra Martins Del Barrio, eleita em <strong>2012<\/strong>; o M.V. F\u00e1bio dos Santos Nogueira, eleito em <strong>2013<\/strong>; o M.V. Alexandre Gon\u00e7alves Teixeira Daniel, eleito em <strong>2014<\/strong>; o M.V. Marlos Gon\u00e7alves Sousa, eleito em <strong>2015<\/strong>; o M.V. Diogo Alves da Concei\u00e7\u00e3o, eleito em <strong>2016<\/strong>; o M.V. Carlos Eduardo Larsson, eleito em <strong>2017<\/strong>; e o M.V. Paulo C\u00e9sar Jark, eleito em <strong>2018<\/strong>.<\/p>\t\t\t\t\t<\/div>\n\t\t\t\t\t\t<\/div>\n\t\t\t\t<\/div>\n\t\t\t\t<div class=\"elementor-element elementor-element-0600cf7 elementor-widget elementor-widget-heading\" data-id=\"0600cf7\" data-element_type=\"widget\" data-widget_type=\"heading.default\">\n\t\t\t\t<div class=\"elementor-widget-container\">\n\t\t\t<h3 class=\"elementor-heading-title elementor-size-default\"><a href=\"https:\/\/vetnil.com.br\/veterinariodoano2021\/votos\">VOTA\u00c7\u00d5ES ENCERRADAS<\/a><\/h3>\t\t<\/div>\n\t\t\t\t<\/div>\n\t\t\t\t<div class=\"elementor-element elementor-element-6537697 elementor-widget elementor-widget-text-editor\" data-id=\"6537697\" data-element_type=\"widget\" data-widget_type=\"text-editor.default\">\n\t\t\t\t<div class=\"elementor-widget-container\">\n\t\t\t\t\t\t\t\t<div class=\"elementor-text-editor elementor-clearfix\">\n\t\t\t\t<p>As <b>vota\u00e7\u00f5es<\/b> para o <b>Pr\u00eamio Veterin\u00e1rio do Ano 2021<\/b> acontecem de <b>1 de Fevereiro<\/b> a <b>31 de Mar\u00e7o de 2022<\/b><\/p>\t\t\t\t\t<\/div>\n\t\t\t\t\t\t<\/div>\n\t\t\t\t<\/div>\n\t\t\t\t\t\t<\/div>\n\t\t\t\t\t<\/div>\n\t\t<\/div>\n\t\t\t\t\t\t\t\t<\/div>\n\t\t\t\t\t<\/div>\n\t\t<\/section>\n\t\t\t\t<section data-particle_enable=\"false\" data-particle-mobile-disabled=\"false\" class=\"elementor-section elementor-top-section elementor-element elementor-element-3727475 elementor-section-boxed elementor-section-height-default elementor-section-height-default\" data-id=\"3727475\" data-element_type=\"section\">\n\t\t\t\t\t\t<div class=\"elementor-container elementor-column-gap-default\">\n\t\t\t\t\t\t\t<div class=\"elementor-row\">\n\t\t\t\t\t<div class=\"elementor-column elementor-col-100 elementor-top-column elementor-element elementor-element-edc54b1\" data-id=\"edc54b1\" data-element_type=\"column\">\n\t\t\t<div class=\"elementor-column-wrap elementor-element-populated\">\n\t\t\t\t\t\t\t<div class=\"elementor-widget-wrap\">\n\t\t\t\t\t\t<div class=\"elementor-element elementor-element-a9d6694 elementor-widget elementor-widget-text-editor\" data-id=\"a9d6694\" data-element_type=\"widget\" data-widget_type=\"text-editor.default\">\n\t\t\t\t<div class=\"elementor-widget-container\">\n\t\t\t\t\t\t\t\t<div class=\"elementor-text-editor elementor-clearfix\">\n\t\t\t\t<p>A divulga\u00e7\u00e3o e premia\u00e7\u00e3o oficial dos ganhadores das edi\u00e7\u00f5es de <strong>2019<\/strong> e <strong>2020<\/strong> ser\u00e3o realizadas junto a divulga\u00e7\u00e3o e premia\u00e7\u00e3o do ganhador da edi\u00e7\u00e3o <strong>2021<\/strong>,\u00a0na cerim\u00f4nia de abertura do 41\u00b0 CBA previsto para <strong>Maio de 2022<\/strong> em Maceio.<\/p>\t\t\t\t\t<\/div>\n\t\t\t\t\t\t<\/div>\n\t\t\t\t<\/div>\n\t\t\t\t\t\t<\/div>\n\t\t\t\t\t<\/div>\n\t\t<\/div>\n\t\t\t\t\t\t\t\t<\/div>\n\t\t\t\t\t<\/div>\n\t\t<\/section>\n\t\t\t\t<section data-particle_enable=\"false\" data-particle-mobile-disabled=\"false\" class=\"elementor-section elementor-top-section elementor-element elementor-element-ee0ec01 elementor-section-full_width elementor-section-height-default elementor-section-height-default\" data-id=\"ee0ec01\" data-element_type=\"section\" data-settings=\"{&quot;background_background&quot;:&quot;classic&quot;}\">\n\t\t\t\t\t\t\t<div class=\"elementor-background-overlay\"><\/div>\n\t\t\t\t\t\t\t<div class=\"elementor-container elementor-column-gap-default\">\n\t\t\t\t\t\t\t<div class=\"elementor-row\">\n\t\t\t\t\t<div class=\"elementor-column elementor-col-100 elementor-top-column elementor-element elementor-element-8d749bd\" data-id=\"8d749bd\" data-element_type=\"column\">\n\t\t\t<div class=\"elementor-column-wrap\">\n\t\t\t\t\t\t\t<div class=\"elementor-widget-wrap\">\n\t\t\t\t\t\t\t\t<\/div>\n\t\t\t\t\t<\/div>\n\t\t<\/div>\n\t\t\t\t\t\t\t\t<\/div>\n\t\t\t\t\t<\/div>\n\t\t<\/section>\n\t\t\t\t<section data-particle_enable=\"false\" data-particle-mobile-disabled=\"false\" class=\"elementor-section elementor-top-section elementor-element elementor-element-8b4493e elementor-section-boxed elementor-section-height-default elementor-section-height-default\" data-id=\"8b4493e\" data-element_type=\"section\" data-settings=\"{&quot;background_background&quot;:&quot;classic&quot;}\">\n\t\t\t\t\t\t<div class=\"elementor-container elementor-column-gap-default\">\n\t\t\t\t\t\t\t<div class=\"elementor-row\">\n\t\t\t\t\t<div class=\"elementor-column elementor-col-25 elementor-top-column elementor-element elementor-element-a7344b3\" data-id=\"a7344b3\" data-element_type=\"column\">\n\t\t\t<div class=\"elementor-column-wrap elementor-element-populated\">\n\t\t\t\t\t\t\t<div class=\"elementor-widget-wrap\">\n\t\t\t\t\t\t<div class=\"elementor-element elementor-element-36b18d0 elementor-widget elementor-widget-image\" data-id=\"36b18d0\" data-element_type=\"widget\" data-widget_type=\"image.default\">\n\t\t\t\t<div class=\"elementor-widget-container\">\n\t\t\t\t\t\t\t\t<div class=\"elementor-image\">\n\t\t\t\t\t\t\t\t\t\t\t\t\t<a href=\"mailto:veterinariodoano@vetnil.com.br\">\n\t\t\t\t\t\t\t<img width=\"429\" height=\"75\" src=\"https:\/\/vetnil.com.br\/veterinariodoano2021\/wp-content\/uploads\/2019\/08\/rodape.png\" class=\"attachment-large size-large\" alt=\"\" loading=\"lazy\" srcset=\"https:\/\/vetnil.com.br\/veterinariodoano2021\/wp-content\/uploads\/2019\/08\/rodape.png 429w, https:\/\/vetnil.com.br\/veterinariodoano2021\/wp-content\/uploads\/2019\/08\/rodape-300x52.png 300w\" sizes=\"(max-width: 34.9rem) calc(100vw - 2rem), (max-width: 53rem) calc(8 * (100vw \/ 12)), (min-width: 53rem) calc(6 * (100vw \/ 12)), 100vw\" \/>\t\t\t\t\t\t\t\t<\/a>\n\t\t\t\t\t\t\t\t\t\t\t\t\t\t<\/div>\n\t\t\t\t\t\t<\/div>\n\t\t\t\t<\/div>\n\t\t\t\t\t\t<\/div>\n\t\t\t\t\t<\/div>\n\t\t<\/div>\n\t\t\t\t<div class=\"elementor-column elementor-col-25 elementor-top-column elementor-element elementor-element-eec0530\" data-id=\"eec0530\" data-element_type=\"column\">\n\t\t\t<div class=\"elementor-column-wrap elementor-element-populated\">\n\t\t\t\t\t\t\t<div class=\"elementor-widget-wrap\">\n\t\t\t\t\t\t<div class=\"elementor-element elementor-element-1e023dd elementor-widget elementor-widget-image\" data-id=\"1e023dd\" data-element_type=\"widget\" data-widget_type=\"image.default\">\n\t\t\t\t<div class=\"elementor-widget-container\">\n\t\t\t\t\t\t\t\t<div class=\"elementor-image\">\n\t\t\t\t\t\t\t\t\t\t\t\t<img width=\"640\" height=\"108\" src=\"https:\/\/vetnil.com.br\/veterinariodoano2021\/wp-content\/uploads\/2020\/07\/logo-vetnil-premio-2020-1024x173.png\" class=\"attachment-large size-large\" alt=\"\" loading=\"lazy\" srcset=\"https:\/\/vetnil.com.br\/veterinariodoano2021\/wp-content\/uploads\/2020\/07\/logo-vetnil-premio-2020-1024x173.png 1024w, https:\/\/vetnil.com.br\/veterinariodoano2021\/wp-content\/uploads\/2020\/07\/logo-vetnil-premio-2020-300x51.png 300w, https:\/\/vetnil.com.br\/veterinariodoano2021\/wp-content\/uploads\/2020\/07\/logo-vetnil-premio-2020-768x130.png 768w, https:\/\/vetnil.com.br\/veterinariodoano2021\/wp-content\/uploads\/2020\/07\/logo-vetnil-premio-2020-1536x260.png 1536w, https:\/\/vetnil.com.br\/veterinariodoano2021\/wp-content\/uploads\/2020\/07\/logo-vetnil-premio-2020-2048x346.png 2048w, https:\/\/vetnil.com.br\/veterinariodoano2021\/wp-content\/uploads\/2020\/07\/logo-vetnil-premio-2020-1568x265.png 1568w\" sizes=\"(max-width: 34.9rem) calc(100vw - 2rem), (max-width: 53rem) calc(8 * (100vw \/ 12)), (min-width: 53rem) calc(6 * (100vw \/ 12)), 100vw\" \/>\t\t\t\t\t\t\t\t\t\t\t\t\t\t<\/div>\n\t\t\t\t\t\t<\/div>\n\t\t\t\t<\/div>\n\t\t\t\t\t\t<\/div>\n\t\t\t\t\t<\/div>\n\t\t<\/div>\n\t\t\t\t<div class=\"elementor-column elementor-col-25 elementor-top-column elementor-element elementor-element-9a7396b\" data-id=\"9a7396b\" data-element_type=\"column\">\n\t\t\t<div class=\"elementor-column-wrap elementor-element-populated\">\n\t\t\t\t\t\t\t<div class=\"elementor-widget-wrap\">\n\t\t\t\t\t\t<div class=\"elementor-element elementor-element-d025a65 elementor-widget elementor-widget-image\" data-id=\"d025a65\" data-element_type=\"widget\" data-widget_type=\"image.default\">\n\t\t\t\t<div class=\"elementor-widget-container\">\n\t\t\t\t\t\t\t\t<div class=\"elementor-image\">\n\t\t\t\t\t\t\t\t\t\t\t\t<img width=\"123\" height=\"80\" src=\"https:\/\/vetnil.com.br\/veterinariodoano2021\/wp-content\/uploads\/2019\/08\/Ativo-126.png\" class=\"attachment-large size-large\" alt=\"\" loading=\"lazy\" sizes=\"(max-width: 34.9rem) calc(100vw - 2rem), (max-width: 53rem) calc(8 * (100vw \/ 12)), (min-width: 53rem) calc(6 * (100vw \/ 12)), 100vw\" \/>\t\t\t\t\t\t\t\t\t\t\t\t\t\t<\/div>\n\t\t\t\t\t\t<\/div>\n\t\t\t\t<\/div>\n\t\t\t\t\t\t<\/div>\n\t\t\t\t\t<\/div>\n\t\t<\/div>\n\t\t\t\t<div class=\"elementor-column elementor-col-25 elementor-top-column elementor-element elementor-element-cac3c36\" data-id=\"cac3c36\" data-element_type=\"column\">\n\t\t\t<div class=\"elementor-column-wrap elementor-element-populated\">\n\t\t\t\t\t\t\t<div class=\"elementor-widget-wrap\">\n\t\t\t\t\t\t<div class=\"elementor-element elementor-element-51ad3cb elementor-widget elementor-widget-html\" data-id=\"51ad3cb\" data-element_type=\"widget\" data-widget_type=\"html.default\">\n\t\t\t\t<div class=\"elementor-widget-container\">\n\t\t\t<center><ul>\n                 <a href=\"https:\/\/www.facebook.com\/Vetnil\/\"><img src=\"https:\/\/vetnil.com.br\/veterinariodoano2021\/wp-content\/uploads\/2022\/01\/facebook.png\"><\/a>\n                 <a href=\"https:\/\/www.instagram.com\/vetniloficial\/\"><img src=\"https:\/\/vetnil.com.br\/veterinariodoano2021\/wp-content\/uploads\/2022\/01\/instagram.png\"><\/a>\n                 <a href=\"https:\/\/twitter.com\/vetnilpet\"><img src=\"https:\/\/vetnil.com.br\/veterinariodoano2021\/wp-content\/uploads\/2022\/01\/twitter.png\"><\/a>\n                 <a href=\"https:\/\/www.youtube.com\/channel\/UC0TxicFpi3uhUuneSL86SCg\"><img src=\"https:\/\/vetnil.com.br\/veterinariodoano2021\/wp-content\/uploads\/2022\/01\/youtube2.png\"><\/a><\/ul>\t\t<\/div>\n\t\t\t\t<\/div>\n\t\t\t\t<div class=\"elementor-element elementor-element-993d8de elementor-widget elementor-widget-text-editor\" data-id=\"993d8de\" data-element_type=\"widget\" data-widget_type=\"text-editor.default\">\n\t\t\t\t<div class=\"elementor-widget-container\">\n\t\t\t\t\t\t\t\t<div class=\"elementor-text-editor elementor-clearfix\">\n\t\t\t\t<p><span style=\"color: #ffffff;\"><a style=\"color: #ffffff;\" href=\"http:\/\/www.vetnil.com.br\">vetnil.com.br<\/a><\/span><\/p>\t\t\t\t\t<\/div>\n\t\t\t\t\t\t<\/div>\n\t\t\t\t<\/div>\n\t\t\t\t\t\t<\/div>\n\t\t\t\t\t<\/div>\n\t\t<\/div>\n\t\t\t\t\t\t\t\t<\/div>\n\t\t\t\t\t<\/div>\n\t\t<\/section>\n\t\t\t\t\t\t<\/div>\n\t\t\t\t\t\t<\/div>\n\t\t\t\t\t<\/div>\n\t\t","protected":false},"excerpt":{"rendered":"<p>PR\u00caMIO VETERIN\u00c1RIO DO ANO VETNIL ANCLIVEPA BRASIL O Pr\u00eamio Veterin\u00e1rio do Ano Vetnil Anclivepa Brasil se consolidou como um importante reconhecimento aos M\u00e9dicos-Veterin\u00e1rios, atuantes na cl\u00ednica de Pequenos Animais, que se destacaram no segmento. O Pr\u00eamio j\u00e1 faz parte da hist\u00f3ria da categoria no Brasil, reconhecendo grandes profissionais como a M.V. Maria Alessandra Martins Del &hellip; <\/p>\n<p class=\"link-more\"><a href=\"https:\/\/vetnil.com.br\/veterinariodoano2021\/\" class=\"more-link\">Continue lendo<span class=\"screen-reader-text\"> &#8220;Home&#8221;<\/span><\/a><\/p>\n","protected":false},"author":1,"featured_media":0,"parent":0,"menu_order":0,"comment_status":"closed","ping_status":"closed","template":"elementor_canvas","meta":[],"_links":{"self":[{"href":"https:\/\/vetnil.com.br\/veterinariodoano2021\/wp-json\/wp\/v2\/pages\/5"}],"collection":[{"href":"https:\/\/vetnil.com.br\/veterinariodoano2021\/wp-json\/wp\/v2\/pages"}],"about":[{"href":"https:\/\/vetnil.com.br\/veterinariodoano2021\/wp-json\/wp\/v2\/types\/page"}],"author":[{"embeddable":true,"href":"https:\/\/vetnil.com.br\/veterinariodoano2021\/wp-json\/wp\/v2\/users\/1"}],"replies":[{"embeddable":true,"href":"https:\/\/vetnil.com.br\/veterinariodoano2021\/wp-json\/wp\/v2\/comments?post=5"}],"version-history":[{"count":94,"href":"https:\/\/vetnil.com.br\/veterinariodoano2021\/wp-json\/wp\/v2\/pages\/5\/revisions"}],"predecessor-version":[{"id":6356,"href":"https:\/\/vetnil.com.br\/veterinariodoano2021\/wp-json\/wp\/v2\/pages\/5\/revisions\/6356"}],"wp:attachment":[{"href":"https:\/\/vetnil.com.br\/veterinariodoano2021\/wp-json\/wp\/v2\/media?parent=5"}],"curies":[{"name":"wp","href":"https:\/\/api.w.org\/{rel}","templated":true}]}}