{"id":5131,"date":"2021-03-24T10:38:16","date_gmt":"2021-03-24T13:38:16","guid":{"rendered":"https:\/\/vetnil.com.br\/veterinariodoano2021\/?page_id=5131"},"modified":"2022-04-01T05:58:41","modified_gmt":"2022-04-01T08:58:41","slug":"encerrado","status":"publish","type":"page","link":"https:\/\/vetnil.com.br\/veterinariodoano2021\/encerrado\/","title":{"rendered":"Vota\u00e7\u00f5es encerradas!"},"content":{"rendered":"\t\t<div data-elementor-type=\"wp-page\" data-elementor-id=\"5131\" class=\"elementor elementor-5131\" data-elementor-settings=\"[]\">\n\t\t\t\t\t\t<div class=\"elementor-inner\">\n\t\t\t\t\t\t\t<div class=\"elementor-section-wrap\">\n\t\t\t\t\t\t\t<section data-particle_enable=\"false\" data-particle-mobile-disabled=\"false\" class=\"elementor-section elementor-top-section elementor-element elementor-element-57ad04e elementor-section-stretched elementor-section-boxed elementor-section-height-default elementor-section-height-default\" data-id=\"57ad04e\" data-element_type=\"section\" data-settings=\"{&quot;background_background&quot;:&quot;classic&quot;,&quot;stretch_section&quot;:&quot;section-stretched&quot;}\">\n\t\t\t\t\t\t<div class=\"elementor-container elementor-column-gap-default\">\n\t\t\t\t\t\t\t<div class=\"elementor-row\">\n\t\t\t\t\t<div class=\"elementor-column elementor-col-100 elementor-top-column elementor-element elementor-element-254a5946\" data-id=\"254a5946\" data-element_type=\"column\">\n\t\t\t<div class=\"elementor-column-wrap elementor-element-populated\">\n\t\t\t\t\t\t\t<div class=\"elementor-widget-wrap\">\n\t\t\t\t\t\t<div class=\"elementor-element elementor-element-52d8eef8 elementor-widget elementor-widget-quadmenu\" data-id=\"52d8eef8\" data-element_type=\"widget\" data-widget_type=\"quadmenu.default\">\n\t\t\t\t<div class=\"elementor-widget-container\">\n\t\t\t<nav id=\"quadmenu\" class=\"quadmenu-default_theme quadmenu-v2.1.9 quadmenu-align-right quadmenu-divider-hide quadmenu-carets-hide quadmenu-background-color quadmenu-mobile-shadow-hide quadmenu-dropdown-shadow-show quadmenu-hover-slidebar sl-top\" data-template=\"collapse\" data-theme=\"default_theme\" data-unwrap=\"0\" data-width=\"\" data-selector=\"\" data-breakpoint=\"768\" data-sticky=\"0\" data-sticky-offset=\"0\">\r\n  <div class=\"quadmenu-container\">\r\n    <div class=\"quadmenu-navbar-header\">\r\n      <button type=\"button\" class=\"quadmenu-navbar-toggle collapsed\" data-quadmenu=\"collapse\" data-target=\"#quadmenu_0\" aria-expanded=\"false\" aria-controls=\"quadmenu\">\r\n  <span class=\"icon-bar-container\">\r\n    <span class=\"icon-bar icon-bar-top\"><\/span>\r\n    <span class=\"icon-bar icon-bar-middle\"><\/span>\r\n    <span class=\"icon-bar icon-bar-bottom\"><\/span>\r\n  <\/span>\r\n<\/button>        <a class=\"quadmenu-navbar-brand img\" href=\"https:\/\/vetnil.com.br\/veterinariodoano2021\/\"><img loading=\"lazy\" height=\"60\" width=\"160\" src=\"https:\/\/vetnil.com.br\/veterinariodoano2021\/wp-content\/uploads\/2020\/07\/logo-vetnil-premio-2020.png\" alt=\"Vetnil\"\/><\/a>\r\n    <\/div>\r\n    <div id=\"quadmenu_0\" class=\"quadmenu-navbar-collapse collapse\">\r\n      <ul class=\"quadmenu-navbar-nav\"><li id=\"menu-item-20\" class=\"quadmenu-item-20 quadmenu-item quadmenu-item-object-page quadmenu-item-home quadmenu-item-type-post_type quadmenu-item-type-post_type quadmenu-item-level-0 quadmenu-has-title quadmenu-has-link quadmenu-has-background quadmenu-dropdown-right\">        <a  href=\"https:\/\/vetnil.com.br\/veterinariodoano2021\/\">\r\n      <span class=\"quadmenu-item-content\">\r\n                                              <span class=\"quadmenu-text  hover t_1000\">HOME<\/span>\r\n                                            <\/span>\r\n    <\/a>\r\n        <\/li><li id=\"menu-item-19\" class=\"quadmenu-item-19 quadmenu-item quadmenu-item-object-page quadmenu-item-type-post_type quadmenu-item-type-post_type quadmenu-item-level-0 quadmenu-has-title quadmenu-has-link quadmenu-has-background quadmenu-dropdown-right\">        <a  href=\"https:\/\/vetnil.com.br\/veterinariodoano2021\/regulamento\/\">\r\n      <span class=\"quadmenu-item-content\">\r\n                                              <span class=\"quadmenu-text  hover t_1000\">REGULAMENTO<\/span>\r\n                                            <\/span>\r\n    <\/a>\r\n        <\/li><li id=\"menu-item-6353\" class=\"quadmenu-item-6353 quadmenu-item quadmenu-item-object-page quadmenu-item-type-post_type quadmenu-item-type-post_type quadmenu-item-level-0 quadmenu-has-title quadmenu-has-link quadmenu-has-background quadmenu-dropdown-right\">        <a  href=\"https:\/\/vetnil.com.br\/veterinariodoano2021\/encerrado\/\">\r\n      <span class=\"quadmenu-item-content\">\r\n                                              <span class=\"quadmenu-text  hover t_1000\">VOTAR<\/span>\r\n                                            <\/span>\r\n    <\/a>\r\n        <\/li><li id=\"menu-item-17\" class=\"quadmenu-item-17 quadmenu-item quadmenu-item-object-page quadmenu-item-type-post_type quadmenu-item-type-post_type quadmenu-item-level-0 quadmenu-has-title quadmenu-has-link quadmenu-has-background quadmenu-dropdown-right\">        <a  href=\"https:\/\/vetnil.com.br\/veterinariodoano2021\/contato\/\">\r\n      <span class=\"quadmenu-item-content\">\r\n                                              <span class=\"quadmenu-text  hover t_1000\">CONTATO<\/span>\r\n                                            <\/span>\r\n    <\/a>\r\n        <\/li><\/ul>    <\/div>\r\n  <\/div>\r\n<\/nav>\t\t<\/div>\n\t\t\t\t<\/div>\n\t\t\t\t\t\t<\/div>\n\t\t\t\t\t<\/div>\n\t\t<\/div>\n\t\t\t\t\t\t\t\t<\/div>\n\t\t\t\t\t<\/div>\n\t\t<\/section>\n\t\t\t\t<section data-particle_enable=\"false\" data-particle-mobile-disabled=\"false\" class=\"elementor-section elementor-top-section elementor-element elementor-element-3f095bd elementor-section-boxed elementor-section-height-default elementor-section-height-default\" data-id=\"3f095bd\" data-element_type=\"section\">\n\t\t\t\t\t\t<div class=\"elementor-container elementor-column-gap-default\">\n\t\t\t\t\t\t\t<div class=\"elementor-row\">\n\t\t\t\t\t<div class=\"elementor-column elementor-col-100 elementor-top-column elementor-element elementor-element-6b81606\" data-id=\"6b81606\" data-element_type=\"column\">\n\t\t\t<div class=\"elementor-column-wrap elementor-element-populated\">\n\t\t\t\t\t\t\t<div class=\"elementor-widget-wrap\">\n\t\t\t\t\t\t<div class=\"elementor-element elementor-element-f788a94 elementor-widget elementor-widget-image\" data-id=\"f788a94\" data-element_type=\"widget\" data-widget_type=\"image.default\">\n\t\t\t\t<div class=\"elementor-widget-container\">\n\t\t\t\t\t\t\t\t<div class=\"elementor-image\">\n\t\t\t\t\t\t\t\t\t\t\t\t<img width=\"589\" height=\"234\" src=\"https:\/\/vetnil.com.br\/veterinariodoano2021\/wp-content\/uploads\/2021\/07\/Premio_2021-8.png\" class=\"attachment-large size-large\" alt=\"\" loading=\"lazy\" srcset=\"https:\/\/vetnil.com.br\/veterinariodoano2021\/wp-content\/uploads\/2021\/07\/Premio_2021-8.png 589w, https:\/\/vetnil.com.br\/veterinariodoano2021\/wp-content\/uploads\/2021\/07\/Premio_2021-8-300x119.png 300w\" sizes=\"(max-width: 34.9rem) calc(100vw - 2rem), (max-width: 53rem) calc(8 * (100vw \/ 12)), (min-width: 53rem) calc(6 * (100vw \/ 12)), 100vw\" \/>\t\t\t\t\t\t\t\t\t\t\t\t\t\t<\/div>\n\t\t\t\t\t\t<\/div>\n\t\t\t\t<\/div>\n\t\t\t\t\t\t<\/div>\n\t\t\t\t\t<\/div>\n\t\t<\/div>\n\t\t\t\t\t\t\t\t<\/div>\n\t\t\t\t\t<\/div>\n\t\t<\/section>\n\t\t\t\t<section data-particle_enable=\"false\" data-particle-mobile-disabled=\"false\" class=\"elementor-section elementor-top-section elementor-element elementor-element-5ccbaee elementor-section-boxed elementor-section-height-default elementor-section-height-default\" data-id=\"5ccbaee\" data-element_type=\"section\">\n\t\t\t\t\t\t<div class=\"elementor-container elementor-column-gap-default\">\n\t\t\t\t\t\t\t<div class=\"elementor-row\">\n\t\t\t\t\t<div class=\"elementor-column elementor-col-100 elementor-top-column elementor-element elementor-element-4517611\" data-id=\"4517611\" data-element_type=\"column\" data-settings=\"{&quot;background_background&quot;:&quot;classic&quot;}\">\n\t\t\t<div class=\"elementor-column-wrap elementor-element-populated\">\n\t\t\t\t\t\t\t<div class=\"elementor-widget-wrap\">\n\t\t\t\t\t\t<div class=\"elementor-element elementor-element-4699282 elementor-widget elementor-widget-heading\" data-id=\"4699282\" data-element_type=\"widget\" data-widget_type=\"heading.default\">\n\t\t\t\t<div class=\"elementor-widget-container\">\n\t\t\t<h3 class=\"elementor-heading-title elementor-size-default\">Vota\u00e7\u00f5es encerradas!<\/h3>\t\t<\/div>\n\t\t\t\t<\/div>\n\t\t\t\t\t\t<\/div>\n\t\t\t\t\t<\/div>\n\t\t<\/div>\n\t\t\t\t\t\t\t\t<\/div>\n\t\t\t\t\t<\/div>\n\t\t<\/section>\n\t\t\t\t<section data-particle_enable=\"false\" data-particle-mobile-disabled=\"false\" class=\"elementor-section elementor-top-section elementor-element elementor-element-c72e289 elementor-section-boxed elementor-section-height-default elementor-section-height-default\" data-id=\"c72e289\" data-element_type=\"section\">\n\t\t\t\t\t\t<div class=\"elementor-container elementor-column-gap-default\">\n\t\t\t\t\t\t\t<div class=\"elementor-row\">\n\t\t\t\t\t<div class=\"elementor-column elementor-col-100 elementor-top-column elementor-element elementor-element-b50cc66\" data-id=\"b50cc66\" data-element_type=\"column\">\n\t\t\t<div class=\"elementor-column-wrap elementor-element-populated\">\n\t\t\t\t\t\t\t<div class=\"elementor-widget-wrap\">\n\t\t\t\t\t\t<div class=\"elementor-element elementor-element-4b2f6c6 elementor-widget elementor-widget-text-editor\" data-id=\"4b2f6c6\" data-element_type=\"widget\" data-widget_type=\"text-editor.default\">\n\t\t\t\t<div class=\"elementor-widget-container\">\n\t\t\t\t\t\t\t\t<div class=\"elementor-text-editor elementor-clearfix\">\n\t\t\t\t<p class=\"p1\">A divulga\u00e7\u00e3o e premia\u00e7\u00e3o oficial dos ganhadores das edi\u00e7\u00f5es de\u00a0<strong>2019<\/strong>\u00a0e\u00a0<strong>2020<\/strong>\u00a0ser\u00e3o realizadas junto a divulga\u00e7\u00e3o e premia\u00e7\u00e3o do ganhador da edi\u00e7\u00e3o\u00a0<strong>2021<\/strong>,\u00a0na cerim\u00f4nia de abertura do 41\u00b0 CBA previsto para\u00a0<strong>Maio de 2022<\/strong>\u00a0em Maceio.<\/p>\t\t\t\t\t<\/div>\n\t\t\t\t\t\t<\/div>\n\t\t\t\t<\/div>\n\t\t\t\t\t\t<\/div>\n\t\t\t\t\t<\/div>\n\t\t<\/div>\n\t\t\t\t\t\t\t\t<\/div>\n\t\t\t\t\t<\/div>\n\t\t<\/section>\n\t\t\t\t<section data-particle_enable=\"false\" data-particle-mobile-disabled=\"false\" class=\"elementor-section elementor-top-section elementor-element elementor-element-49cfeeb2 elementor-section-full_width elementor-section-height-default elementor-section-height-default\" data-id=\"49cfeeb2\" data-element_type=\"section\" data-settings=\"{&quot;background_background&quot;:&quot;classic&quot;}\">\n\t\t\t\t\t\t\t<div class=\"elementor-background-overlay\"><\/div>\n\t\t\t\t\t\t\t<div class=\"elementor-container elementor-column-gap-default\">\n\t\t\t\t\t\t\t<div class=\"elementor-row\">\n\t\t\t\t\t<div class=\"elementor-column elementor-col-100 elementor-top-column elementor-element elementor-element-316ba18d\" data-id=\"316ba18d\" data-element_type=\"column\">\n\t\t\t<div class=\"elementor-column-wrap\">\n\t\t\t\t\t\t\t<div class=\"elementor-widget-wrap\">\n\t\t\t\t\t\t\t\t<\/div>\n\t\t\t\t\t<\/div>\n\t\t<\/div>\n\t\t\t\t\t\t\t\t<\/div>\n\t\t\t\t\t<\/div>\n\t\t<\/section>\n\t\t\t\t<section data-particle_enable=\"false\" data-particle-mobile-disabled=\"false\" class=\"elementor-section elementor-top-section elementor-element elementor-element-9372e59 elementor-section-boxed elementor-section-height-default elementor-section-height-default\" data-id=\"9372e59\" data-element_type=\"section\" data-settings=\"{&quot;background_background&quot;:&quot;classic&quot;}\">\n\t\t\t\t\t\t<div class=\"elementor-container elementor-column-gap-default\">\n\t\t\t\t\t\t\t<div class=\"elementor-row\">\n\t\t\t\t\t<div class=\"elementor-column elementor-col-25 elementor-top-column elementor-element elementor-element-17875451\" data-id=\"17875451\" data-element_type=\"column\">\n\t\t\t<div class=\"elementor-column-wrap elementor-element-populated\">\n\t\t\t\t\t\t\t<div class=\"elementor-widget-wrap\">\n\t\t\t\t\t\t<div class=\"elementor-element elementor-element-50b291ec elementor-widget elementor-widget-image\" data-id=\"50b291ec\" data-element_type=\"widget\" data-widget_type=\"image.default\">\n\t\t\t\t<div class=\"elementor-widget-container\">\n\t\t\t\t\t\t\t\t<div class=\"elementor-image\">\n\t\t\t\t\t\t\t\t\t\t\t\t<img width=\"429\" height=\"75\" src=\"https:\/\/vetnil.com.br\/veterinariodoano2021\/wp-content\/uploads\/2019\/08\/sss.png\" class=\"attachment-large size-large\" alt=\"\" loading=\"lazy\" srcset=\"https:\/\/vetnil.com.br\/veterinariodoano2021\/wp-content\/uploads\/2019\/08\/sss.png 429w, https:\/\/vetnil.com.br\/veterinariodoano2021\/wp-content\/uploads\/2019\/08\/sss-300x52.png 300w\" sizes=\"(max-width: 34.9rem) calc(100vw - 2rem), (max-width: 53rem) calc(8 * (100vw \/ 12)), (min-width: 53rem) calc(6 * (100vw \/ 12)), 100vw\" \/>\t\t\t\t\t\t\t\t\t\t\t\t\t\t<\/div>\n\t\t\t\t\t\t<\/div>\n\t\t\t\t<\/div>\n\t\t\t\t\t\t<\/div>\n\t\t\t\t\t<\/div>\n\t\t<\/div>\n\t\t\t\t<div class=\"elementor-column elementor-col-25 elementor-top-column elementor-element elementor-element-1c214760\" data-id=\"1c214760\" data-element_type=\"column\">\n\t\t\t<div class=\"elementor-column-wrap elementor-element-populated\">\n\t\t\t\t\t\t\t<div class=\"elementor-widget-wrap\">\n\t\t\t\t\t\t<div class=\"elementor-element elementor-element-6aff18e2 elementor-widget elementor-widget-image\" data-id=\"6aff18e2\" data-element_type=\"widget\" data-widget_type=\"image.default\">\n\t\t\t\t<div class=\"elementor-widget-container\">\n\t\t\t\t\t\t\t\t<div class=\"elementor-image\">\n\t\t\t\t\t\t\t\t\t\t\t\t<img width=\"123\" height=\"80\" src=\"https:\/\/vetnil.com.br\/veterinariodoano2021\/wp-content\/uploads\/2019\/08\/Ativo-126.png\" class=\"attachment-large size-large\" alt=\"\" loading=\"lazy\" sizes=\"(max-width: 34.9rem) calc(100vw - 2rem), (max-width: 53rem) calc(8 * (100vw \/ 12)), (min-width: 53rem) calc(6 * (100vw \/ 12)), 100vw\" \/>\t\t\t\t\t\t\t\t\t\t\t\t\t\t<\/div>\n\t\t\t\t\t\t<\/div>\n\t\t\t\t<\/div>\n\t\t\t\t\t\t<\/div>\n\t\t\t\t\t<\/div>\n\t\t<\/div>\n\t\t\t\t<div class=\"elementor-column elementor-col-25 elementor-top-column elementor-element elementor-element-3cca201e\" data-id=\"3cca201e\" data-element_type=\"column\">\n\t\t\t<div class=\"elementor-column-wrap elementor-element-populated\">\n\t\t\t\t\t\t\t<div class=\"elementor-widget-wrap\">\n\t\t\t\t\t\t<div class=\"elementor-element elementor-element-2aa62648 elementor-widget elementor-widget-image\" data-id=\"2aa62648\" data-element_type=\"widget\" data-widget_type=\"image.default\">\n\t\t\t\t<div class=\"elementor-widget-container\">\n\t\t\t\t\t\t\t\t<div class=\"elementor-image\">\n\t\t\t\t\t\t\t\t\t\t\t\t<img width=\"439\" height=\"87\" src=\"https:\/\/vetnil.com.br\/veterinariodoano2021\/wp-content\/uploads\/2019\/08\/Ativo-16.png\" class=\"attachment-large size-large\" alt=\"\" loading=\"lazy\" srcset=\"https:\/\/vetnil.com.br\/veterinariodoano2021\/wp-content\/uploads\/2019\/08\/Ativo-16.png 439w, https:\/\/vetnil.com.br\/veterinariodoano2021\/wp-content\/uploads\/2019\/08\/Ativo-16-300x59.png 300w\" sizes=\"(max-width: 34.9rem) calc(100vw - 2rem), (max-width: 53rem) calc(8 * (100vw \/ 12)), (min-width: 53rem) calc(6 * (100vw \/ 12)), 100vw\" \/>\t\t\t\t\t\t\t\t\t\t\t\t\t\t<\/div>\n\t\t\t\t\t\t<\/div>\n\t\t\t\t<\/div>\n\t\t\t\t\t\t<\/div>\n\t\t\t\t\t<\/div>\n\t\t<\/div>\n\t\t\t\t<div class=\"elementor-column elementor-col-25 elementor-top-column elementor-element elementor-element-36fe56dd\" data-id=\"36fe56dd\" data-element_type=\"column\">\n\t\t\t<div class=\"elementor-column-wrap elementor-element-populated\">\n\t\t\t\t\t\t\t<div class=\"elementor-widget-wrap\">\n\t\t\t\t\t\t<div class=\"elementor-element elementor-element-5f981f8f elementor-shape-square elementor-grid-0 e-grid-align-center elementor-widget elementor-widget-social-icons\" data-id=\"5f981f8f\" data-element_type=\"widget\" data-widget_type=\"social-icons.default\">\n\t\t\t\t<div class=\"elementor-widget-container\">\n\t\t\t\t\t<div class=\"elementor-social-icons-wrapper elementor-grid\">\n\t\t\t\t\t\t\t<span class=\"elementor-grid-item\">\n\t\t\t\t\t<a class=\"elementor-icon elementor-social-icon elementor-social-icon-facebook elementor-animation-shrink elementor-repeater-item-1adab4b\" href=\"https:\/\/www.facebook.com\/Vetnil\/\" target=\"_blank\">\n\t\t\t\t\t\t<span class=\"elementor-screen-only\">Facebook<\/span>\n\t\t\t\t\t\t<i class=\"fab fa-facebook\"><\/i>\t\t\t\t\t<\/a>\n\t\t\t\t<\/span>\n\t\t\t\t\t\t\t<span class=\"elementor-grid-item\">\n\t\t\t\t\t<a class=\"elementor-icon elementor-social-icon elementor-social-icon-instagram elementor-animation-shrink elementor-repeater-item-ba904e7\" href=\"https:\/\/www.instagram.com\/vetniloficial\/\" target=\"_blank\">\n\t\t\t\t\t\t<span class=\"elementor-screen-only\">Instagram<\/span>\n\t\t\t\t\t\t<i class=\"fab fa-instagram\"><\/i>\t\t\t\t\t<\/a>\n\t\t\t\t<\/span>\n\t\t\t\t\t\t\t<span class=\"elementor-grid-item\">\n\t\t\t\t\t<a class=\"elementor-icon elementor-social-icon elementor-social-icon-twitter elementor-animation-shrink elementor-repeater-item-ad21ca3\" href=\"https:\/\/twitter.com\/vetnilpet\" target=\"_blank\">\n\t\t\t\t\t\t<span class=\"elementor-screen-only\">Twitter<\/span>\n\t\t\t\t\t\t<i class=\"fab fa-twitter\"><\/i>\t\t\t\t\t<\/a>\n\t\t\t\t<\/span>\n\t\t\t\t\t\t\t<span class=\"elementor-grid-item\">\n\t\t\t\t\t<a class=\"elementor-icon elementor-social-icon elementor-social-icon-youtube elementor-animation-shrink elementor-repeater-item-4014511\" href=\"https:\/\/www.youtube.com\/channel\/UC0TxicFpi3uhUuneSL86SCg\" target=\"_blank\">\n\t\t\t\t\t\t<span class=\"elementor-screen-only\">Youtube<\/span>\n\t\t\t\t\t\t<i class=\"fab fa-youtube\"><\/i>\t\t\t\t\t<\/a>\n\t\t\t\t<\/span>\n\t\t\t\t\t<\/div>\n\t\t\t\t<\/div>\n\t\t\t\t<\/div>\n\t\t\t\t<div class=\"elementor-element elementor-element-3ce4102d elementor-widget elementor-widget-text-editor\" data-id=\"3ce4102d\" data-element_type=\"widget\" data-widget_type=\"text-editor.default\">\n\t\t\t\t<div class=\"elementor-widget-container\">\n\t\t\t\t\t\t\t\t<div class=\"elementor-text-editor elementor-clearfix\">\n\t\t\t\t<p><span style=\"color: #ffffff;\"><a style=\"color: #ffffff;\" href=\"http:\/\/www.vetnil.com.br\">vetnil.com.br<\/a><\/span><\/p>\t\t\t\t\t<\/div>\n\t\t\t\t\t\t<\/div>\n\t\t\t\t<\/div>\n\t\t\t\t\t\t<\/div>\n\t\t\t\t\t<\/div>\n\t\t<\/div>\n\t\t\t\t\t\t\t\t<\/div>\n\t\t\t\t\t<\/div>\n\t\t<\/section>\n\t\t\t\t\t\t<\/div>\n\t\t\t\t\t\t<\/div>\n\t\t\t\t\t<\/div>\n\t\t","protected":false},"excerpt":{"rendered":"<p>Vota\u00e7\u00f5es encerradas! A divulga\u00e7\u00e3o e premia\u00e7\u00e3o oficial dos ganhadores das edi\u00e7\u00f5es de\u00a02019\u00a0e\u00a02020\u00a0ser\u00e3o realizadas junto a divulga\u00e7\u00e3o e premia\u00e7\u00e3o do ganhador da edi\u00e7\u00e3o\u00a02021,\u00a0na cerim\u00f4nia de abertura do 41\u00b0 CBA previsto para\u00a0Maio de 2022\u00a0em Maceio. Facebook Instagram Twitter Youtube vetnil.com.br<\/p>\n","protected":false},"author":1,"featured_media":0,"parent":0,"menu_order":0,"comment_status":"closed","ping_status":"closed","template":"elementor_canvas","meta":[],"_links":{"self":[{"href":"https:\/\/vetnil.com.br\/veterinariodoano2021\/wp-json\/wp\/v2\/pages\/5131"}],"collection":[{"href":"https:\/\/vetnil.com.br\/veterinariodoano2021\/wp-json\/wp\/v2\/pages"}],"about":[{"href":"https:\/\/vetnil.com.br\/veterinariodoano2021\/wp-json\/wp\/v2\/types\/page"}],"author":[{"embeddable":true,"href":"https:\/\/vetnil.com.br\/veterinariodoano2021\/wp-json\/wp\/v2\/users\/1"}],"replies":[{"embeddable":true,"href":"https:\/\/vetnil.com.br\/veterinariodoano2021\/wp-json\/wp\/v2\/comments?post=5131"}],"version-history":[{"count":14,"href":"https:\/\/vetnil.com.br\/veterinariodoano2021\/wp-json\/wp\/v2\/pages\/5131\/revisions"}],"predecessor-version":[{"id":6352,"href":"https:\/\/vetnil.com.br\/veterinariodoano2021\/wp-json\/wp\/v2\/pages\/5131\/revisions\/6352"}],"wp:attachment":[{"href":"https:\/\/vetnil.com.br\/veterinariodoano2021\/wp-json\/wp\/v2\/media?parent=5131"}],"curies":[{"name":"wp","href":"https:\/\/api.w.org\/{rel}","templated":true}]}}